{"id":538,"date":"2023-04-18T10:51:06","date_gmt":"2023-04-18T08:51:06","guid":{"rendered":"https:\/\/xoxo-design.dev.hayloft-it.ch\/?page_id=538"},"modified":"2023-04-18T10:51:17","modified_gmt":"2023-04-18T08:51:17","slug":"feedback","status":"publish","type":"page","link":"https:\/\/www.xoxo-design.ch\/fr\/aide-au-service\/feedback\/","title":{"rendered":"Remarques"},"content":{"rendered":"<h1 class=\"wp-block-heading\">Votre opinion est importante pour nous.<\/h1>\n\n\n\n<p>N'h\u00e9sitez pas \u00e0 nous faire part de vos critiques et de vos propositions d'am\u00e9lioration !<\/p>\n\n\n<script type=\"text\/javascript\">var gform;gform||(document.addEventListener(\"gform_main_scripts_loaded\",function(){gform.scriptsLoaded=!0}),window.addEventListener(\"DOMContentLoaded\",function(){gform.domLoaded=!0}),gform={domLoaded:!1,scriptsLoaded:!1,initializeOnLoaded:function(o){gform.domLoaded&&gform.scriptsLoaded?o():!gform.domLoaded&&gform.scriptsLoaded?window.addEventListener(\"DOMContentLoaded\",o):document.addEventListener(\"gform_main_scripts_loaded\",o)},hooks:{action:{},filter:{}},addAction:function(o,n,r,t){gform.addHook(\"action\",o,n,r,t)},addFilter:function(o,n,r,t){gform.addHook(\"filter\",o,n,r,t)},doAction:function(o){gform.doHook(\"action\",o,arguments)},applyFilters:function(o){return gform.doHook(\"filter\",o,arguments)},removeAction:function(o,n){gform.removeHook(\"action\",o,n)},removeFilter:function(o,n,r){gform.removeHook(\"filter\",o,n,r)},addHook:function(o,n,r,t,i){null==gform.hooks[o][n]&&(gform.hooks[o][n]=[]);var e=gform.hooks[o][n];null==i&&(i=n+\"_\"+e.length),gform.hooks[o][n].push({tag:i,callable:r,priority:t=null==t?10:t})},doHook:function(n,o,r){var t;if(r=Array.prototype.slice.call(r,1),null!=gform.hooks[n][o]&&((o=gform.hooks[n][o]).sort(function(o,n){return o.priority-n.priority}),o.forEach(function(o){\"function\"!=typeof(t=o.callable)&&(t=window[t]),\"action\"==n?t.apply(null,r):r[0]=t.apply(null,r)})),\"filter\"==n)return r[0]},removeHook:function(o,n,t,i){var r;null!=gform.hooks[o][n]&&(r=(r=gform.hooks[o][n]).filter(function(o,n,r){return!!(null!=i&&i!=o.tag||null!=t&&t!=o.priority)}),gform.hooks[o][n]=r)}});<\/script>\n                <div class='gf_browser_gecko gform_wrapper gravity-theme gform-theme--no-framework' data-form-theme='gravity-theme' data-form-index='0' id='gform_wrapper_3' ><div id='gf_3' class='gform_anchor' tabindex='-1'><\/div><form method='post' enctype='multipart\/form-data' target='gform_ajax_frame_3' id='gform_3'  action='\/fr\/wp-json\/wp\/v2\/pages\/538#gf_3' data-formid='3' novalidate data-trp-original-action=\"\/fr\/wp-json\/wp\/v2\/pages\/538#gf_3\">\n                        <div class='gform-body gform_body'><div id='gform_fields_3' class='gform_fields top_label form_sublabel_below description_below'><div id=\"field_3_1\"  class=\"gfield gfield--type-text gfield--width-half field_sublabel_below gfield--no-description field_description_below gfield_visibility_visible form-group\"  data-field-class=\"form-group\" data-js-reload=\"field_3_1\"><div class=\"form-floating\"><input name=\"input_1\" id=\"input_3_1\" type=\"text\" value=\"\" class=\"large form-control form-control\" aria-invalid=\"false\" placeholder=\"Nom (facultatif)\"><label class=\"gfield_label gform-field-label\" for=\"input_3_1\">Nom (facultatif)<\/label><\/div><\/div><div id=\"field_3_4\"  class=\"gfield gfield--type-email gfield--width-half gfield_contains_required field_sublabel_below gfield--no-description field_description_below gfield_visibility_visible form-group\"  data-field-class=\"form-group\" data-js-reload=\"field_3_4\"><div class=\"form-floating\"><input name=\"input_4\" id=\"input_3_4\" type=\"email\" value=\"\" class=\"large form-control form-control\" aria-required=\"true\" aria-invalid=\"false\" placeholder=\"Courrier \u00e9lectronique\"><label class=\"gfield_label gform-field-label\" for=\"input_3_4\">Courrier \u00e9lectronique<\/label><\/div><\/div><div id=\"field_3_5\"  class=\"gfield gfield--type-textarea gfield_contains_required field_sublabel_below gfield--no-description field_description_below gfield_visibility_visible form-group\"  data-field-class=\"form-group\" data-js-reload=\"field_3_5\"><div class=\"form-floating\"><textarea name=\"input_5\" id=\"input_3_5\" class=\"textarea large form-control form-control\" aria-required=\"true\" aria-invalid=\"false\" rows=\"10\" cols=\"50\" placeholder=\"Message\"><\/textarea><label class=\"gfield_label gform-field-label\" for=\"input_3_5\">Message<\/label><\/div><\/div><div id=\"field_3_6\"  class=\"gfield gfield--type-captcha field_sublabel_below gfield--no-description field_description_below hidden_label gfield_visibility_visible form-group\"  data-field-class=\"form-group\" data-js-reload=\"field_3_6\"><label class='gfield_label gform-field-label' for='input_3_6' >CAPTCHA <span class=\"gfield_required\">(en option)<\/span><\/label><div id='input_3_6' class='ginput_container ginput_recaptcha' data-sitekey='6LffaTYpAAAAAAuiAj7oGSp7qs-lvRSf2s5eEOpL'  data-theme='light' data-tabindex='0'  data-badge=''><\/div><\/div><\/div><\/div>\n        <div class='gform_footer top_label'> <button type='submit' id='gform_submit_button_3' class='wp-block-button' value='Absenden'  onclick='if(window[\"gf_submitting_3\"]){return false;}  if( !jQuery(\"#gform_3\")[0].checkValidity || jQuery(\"#gform_3\")[0].checkValidity()){window[\"gf_submitting_3\"]=true;}  ' onkeypress='if( event.keyCode == 13 ){ if(window[\"gf_submitting_3\"]){return false;} if( !jQuery(\"#gform_3\")[0].checkValidity || jQuery(\"#gform_3\")[0].checkValidity()){window[\"gf_submitting_3\"]=true;}  jQuery(\"#gform_3\").trigger(\"submit\",[true]); }' \/><span class=\"wp-block-button__link wp-element-button\">Envoyer<\/span><\/button> <input type='hidden' name='gform_ajax' value='form_id=3&amp;title=&amp;description=&amp;tabindex=0' \/>\n            <input type='hidden' class='gform_hidden' name='is_submit_3' value='1' \/>\n            <input type='hidden' class='gform_hidden' name='gform_submit' value='3' \/>\n            \n            <input type='hidden' class='gform_hidden' name='gform_unique_id' value='' \/>\n            <input type='hidden' class='gform_hidden' name='state_3' value='WyJbXSIsImFmMDA2NWRhNjgzNDQxZjczMTFjZTI2ZjE5ZDIzOTkzIl0=' \/>\n            <input type='hidden' class='gform_hidden' name='gform_target_page_number_3' id='gform_target_page_number_3' value='0' \/>\n            <input type='hidden' class='gform_hidden' name='gform_source_page_number_3' id='gform_source_page_number_3' value='1' \/>\n            <input type='hidden' name='gform_field_values' value='' \/>\n            \n        <\/div>\n                        <input type=\"hidden\" name=\"trp-form-language\" value=\"fr\"\/><\/form>\n                        <\/div>\n\t\t                <iframe style='display:none;width:0px;height:0px;' src='about:blank' name='gform_ajax_frame_3' id='gform_ajax_frame_3' title='Cette iframe contient la logique n\u00e9cessaire pour manipuler Gravity Forms avec Ajax.'><\/iframe>\n\t\t                <script type=\"text\/javascript\">\ngform.initializeOnLoaded( function() {gformInitSpinner( 3, 'https:\/\/www.xoxo-design.ch\/wp-content\/plugins\/gravityforms\/images\/spinner.svg', true );jQuery('#gform_ajax_frame_3').on('load',function(){var contents = jQuery(this).contents().find('*').html();var is_postback = contents.indexOf('GF_AJAX_POSTBACK') >= 0;if(!is_postback){return;}var form_content = jQuery(this).contents().find('#gform_wrapper_3');var is_confirmation = jQuery(this).contents().find('#gform_confirmation_wrapper_3').length > 0;var is_redirect = contents.indexOf('gformRedirect(){') >= 0;var is_form = form_content.length > 0 && ! is_redirect && ! is_confirmation;var mt = parseInt(jQuery('html').css('margin-top'), 10) + parseInt(jQuery('body').css('margin-top'), 10) + 100;if(is_form){jQuery('#gform_wrapper_3').html(form_content.html());if(form_content.hasClass('gform_validation_error')){jQuery('#gform_wrapper_3').addClass('gform_validation_error');} else {jQuery('#gform_wrapper_3').removeClass('gform_validation_error');}setTimeout( function() { \/* delay the scroll by 50 milliseconds to fix a bug in chrome *\/ jQuery(document).scrollTop(jQuery('#gform_wrapper_3').offset().top - mt); }, 50 );if(window['gformInitDatepicker']) {gformInitDatepicker();}if(window['gformInitPriceFields']) {gformInitPriceFields();}var current_page = jQuery('#gform_source_page_number_3').val();gformInitSpinner( 3, 'https:\/\/www.xoxo-design.ch\/wp-content\/plugins\/gravityforms\/images\/spinner.svg', true );jQuery(document).trigger('gform_page_loaded', [3, current_page]);window['gf_submitting_3'] = false;}else if(!is_redirect){var confirmation_content = jQuery(this).contents().find('.GF_AJAX_POSTBACK').html();if(!confirmation_content){confirmation_content = contents;}setTimeout(function(){jQuery('#gform_wrapper_3').replaceWith(confirmation_content);jQuery(document).scrollTop(jQuery('#gf_3').offset().top - mt);jQuery(document).trigger('gform_confirmation_loaded', [3]);window['gf_submitting_3'] = false;wp.a11y.speak(jQuery('#gform_confirmation_message_3').text());}, 50);}else{jQuery('#gform_3').append(contents);if(window['gformRedirect']) {gformRedirect();}}jQuery(document).trigger('gform_post_render', [3, current_page]);gform.utils.trigger({ event: 'gform\/postRender', native: false, data: { formId: 3, currentPage: current_page } });} );} );\n<\/script>","protected":false},"excerpt":{"rendered":"<p>Votre avis est important pour nous. N'h\u00e9sitez pas \u00e0 nous faire part de vos critiques et de vos propositions d'am\u00e9lioration !<\/p>","protected":false},"author":1,"featured_media":0,"parent":76,"menu_order":0,"comment_status":"closed","ping_status":"closed","template":"","meta":[],"acf":[],"_links":{"self":[{"href":"https:\/\/www.xoxo-design.ch\/fr\/wp-json\/wp\/v2\/pages\/538"}],"collection":[{"href":"https:\/\/www.xoxo-design.ch\/fr\/wp-json\/wp\/v2\/pages"}],"about":[{"href":"https:\/\/www.xoxo-design.ch\/fr\/wp-json\/wp\/v2\/types\/page"}],"author":[{"embeddable":true,"href":"https:\/\/www.xoxo-design.ch\/fr\/wp-json\/wp\/v2\/users\/1"}],"replies":[{"embeddable":true,"href":"https:\/\/www.xoxo-design.ch\/fr\/wp-json\/wp\/v2\/comments?post=538"}],"version-history":[{"count":1,"href":"https:\/\/www.xoxo-design.ch\/fr\/wp-json\/wp\/v2\/pages\/538\/revisions"}],"predecessor-version":[{"id":539,"href":"https:\/\/www.xoxo-design.ch\/fr\/wp-json\/wp\/v2\/pages\/538\/revisions\/539"}],"up":[{"embeddable":true,"href":"https:\/\/www.xoxo-design.ch\/fr\/wp-json\/wp\/v2\/pages\/76"}],"wp:attachment":[{"href":"https:\/\/www.xoxo-design.ch\/fr\/wp-json\/wp\/v2\/media?parent=538"}],"curies":[{"name":"wp","href":"https:\/\/api.w.org\/{rel}","templated":true}]}}