{"id":63,"date":"2023-03-09T20:19:29","date_gmt":"2023-03-09T19:19:29","guid":{"rendered":"https:\/\/xoxo-design.dev.hayloft-it.ch\/?page_id=63"},"modified":"2023-06-19T19:06:54","modified_gmt":"2023-06-19T17:06:54","slug":"impressum","status":"publish","type":"page","link":"https:\/\/www.xoxo-design.ch\/fr\/mentions-legales\/","title":{"rendered":"Mentions l\u00e9gales"},"content":{"rendered":"<h1 class=\"wp-block-heading\">Mentions l\u00e9gales<\/h1>\n\n\n\n<p><strong>Instance responsable<\/strong><br>XOXO-Design AG<br>R\u00e4bmatt 9 6317 <br>Oberwil b. Zoug<br>Suisse<\/p>\n\n\n\n<p><a href=\"mailto:info@xoxo-design.ch\">info@xoxo-design.ch<\/a><\/p>\n\n\n\n<p><strong>Repr\u00e9sentant l\u00e9gal<\/strong><br>Richard G. de Boer<\/p>\n\n\n\n<p><strong>Nom de l'entreprise<\/strong>: XOXO-Design AG<br><strong>Num\u00e9ro d'enregistrement<\/strong>: CH-170.3.048.010-3<br><strong>Num\u00e9ro d'identification de la taxe sur la valeur ajout\u00e9e<\/strong>: CHE-186.918.990<\/p>\n\n\n\n<p><strong>Clause de non-responsabilit\u00e9<\/strong><br>L'auteur ne garantit pas l'exactitude, la pr\u00e9cision, l'actualit\u00e9, la fiabilit\u00e9 et l'exhaustivit\u00e9 des informations. L'auteur ne saurait \u00eatre tenu pour responsable des dommages mat\u00e9riels ou immat\u00e9riels qui pourraient \u00eatre caus\u00e9s par l'acc\u00e8s aux informations diffus\u00e9es ou par leur utilisation ou non-utilisation, par le mauvais usage de la connexion ou par des probl\u00e8mes techniques.<\/p>\n\n\n\n<p>Toutes les offres sont sans engagement. L'auteur se r\u00e9serve express\u00e9ment le droit de modifier, de compl\u00e9ter ou de supprimer des parties de pages ou l'ensemble de l'offre sans avis pr\u00e9alable, ou d'en suspendre temporairement ou d\u00e9finitivement la publication.<\/p>\n\n\n\n<p><strong>Exclusion de responsabilit\u00e9 pour les contenus et les liens<\/strong><br>Les renvois et liens vers des sites web de tiers ne rel\u00e8vent pas de notre responsabilit\u00e9. Nous d\u00e9clinons toute responsabilit\u00e9 pour de tels sites web. L'acc\u00e8s \u00e0 de tels sites et leur utilisation se font aux risques et p\u00e9rils de l'utilisateur.<\/p>\n\n\n\n<p><strong>D\u00e9claration de droits d'auteur<\/strong><br>Les droits d'auteur et tous les autres droits li\u00e9s aux contenus, images, photos ou autres fichiers pr\u00e9sents sur ce site web sont la propri\u00e9t\u00e9 exclusive de XOXO-Design AG ou des d\u00e9tenteurs de droits sp\u00e9cialement cit\u00e9s. Pour la reproduction de tout \u00e9l\u00e9ment, l'accord \u00e9crit du d\u00e9tenteur des droits d'auteur doit \u00eatre obtenu au pr\u00e9alable.<\/p>\n\n\n\n<p><strong>Source<\/strong>:&nbsp;<a href=\"https:\/\/brainbox.swiss\/\" target=\"_blank\" rel=\"noreferrer noopener nofollow\">Solutions BrainBox<\/a><\/p>","protected":false},"excerpt":{"rendered":"<p>Mentions l\u00e9gales Instance responsableXOXO-Design AGR\u00e4bmatt 9 6317 Oberwil b. ZougSuisse info@xoxo-design.ch Personnes habilit\u00e9es \u00e0 repr\u00e9senter l'entrepriseRichard G. de Boer Nom de l'entreprise : XOXO-Design AGNum\u00e9ro d'enregistrement : CH-170.3.048.010-3Num\u00e9ro de TVA : CHE-186.918.990 Clause de non-responsabilit\u00e9L'auteur ne garantit pas la v\u00e9racit\u00e9, l'exactitude, l'actualit\u00e9, la fiabilit\u00e9 et l'exhaustivit\u00e9 des informations. L'auteur ne saurait \u00eatre tenu responsable des dommages mat\u00e9riels ou immat\u00e9riels qui pourraient \u00eatre caus\u00e9s par l'acc\u00e8s, l'utilisation ou [...].<\/p>","protected":false},"author":1,"featured_media":0,"parent":0,"menu_order":0,"comment_status":"closed","ping_status":"closed","template":"","meta":[],"acf":[],"_links":{"self":[{"href":"https:\/\/www.xoxo-design.ch\/fr\/wp-json\/wp\/v2\/pages\/63"}],"collection":[{"href":"https:\/\/www.xoxo-design.ch\/fr\/wp-json\/wp\/v2\/pages"}],"about":[{"href":"https:\/\/www.xoxo-design.ch\/fr\/wp-json\/wp\/v2\/types\/page"}],"author":[{"embeddable":true,"href":"https:\/\/www.xoxo-design.ch\/fr\/wp-json\/wp\/v2\/users\/1"}],"replies":[{"embeddable":true,"href":"https:\/\/www.xoxo-design.ch\/fr\/wp-json\/wp\/v2\/comments?post=63"}],"version-history":[{"count":3,"href":"https:\/\/www.xoxo-design.ch\/fr\/wp-json\/wp\/v2\/pages\/63\/revisions"}],"predecessor-version":[{"id":712,"href":"https:\/\/www.xoxo-design.ch\/fr\/wp-json\/wp\/v2\/pages\/63\/revisions\/712"}],"wp:attachment":[{"href":"https:\/\/www.xoxo-design.ch\/fr\/wp-json\/wp\/v2\/media?parent=63"}],"curies":[{"name":"wp","href":"https:\/\/api.w.org\/{rel}","templated":true}]}}