{"id":74,"date":"2023-03-10T07:59:34","date_gmt":"2023-03-10T06:59:34","guid":{"rendered":"https:\/\/xoxo-design.dev.hayloft-it.ch\/?page_id=74"},"modified":"2023-06-27T14:41:42","modified_gmt":"2023-06-27T12:41:42","slug":"unternehmen","status":"publish","type":"page","link":"https:\/\/www.xoxo-design.ch\/fr\/entreprise\/","title":{"rendered":"Entreprise"},"content":{"rendered":"<figure data-no-zoom=\"true\" class=\"wp-block-image size-full\"><img decoding=\"async\" src=\"https:\/\/www.xoxo-design.ch\/wp-content\/uploads\/2023\/06\/we-are-xoxo-1.svg\" alt=\"\" class=\"wp-image-716\"\/><\/figure>\n\n\n\n<h2 class=\"wp-block-heading has-normal-font-size\">\"Kisses &amp; Hugs\" <\/h2>\n\n\n\n<p>En 2022, 30 ans d'exp\u00e9rience dans le domaine de la lumi\u00e8re et de l'\u00e9clairage ont donn\u00e9 naissance \u00e0 XOXO-Design AG. XOXO et sa signification de \"Kisses &amp; Hugs\" r\u00e9sument parfaitement en deux mots \u00e9motionnels la passion de notre entreprise. <\/p>\n\n\n\n<p>Notre ambition est de d\u00e9velopper des lampes rechargeables exclusives et hautement fonctionnelles pour notre client\u00e8le. Le design et la technologie se fondent alors parfaitement l'un dans l'autre. Les mat\u00e9riaux ainsi que les concepts de couleurs ont \u00e9t\u00e9 soigneusement s\u00e9lectionn\u00e9s et s'int\u00e8grent parfaitement dans chaque int\u00e9rieur et chaque concept d'espace. Peut-\u00eatre tomberez-vous vous aussi amoureux de votre luminaire XOXO.<\/p>\n\n\n\n<figure data-no-zoom=\"true\" class=\"wp-block-image alignwide size-large\"><img decoding=\"async\" loading=\"lazy\" width=\"1024\" height=\"862\" src=\"https:\/\/www.xoxo-design.ch\/wp-content\/uploads\/2023\/04\/image-2-1024x862.png\" alt=\"\" class=\"wp-image-562\" srcset=\"https:\/\/www.xoxo-design.ch\/wp-content\/uploads\/2023\/04\/image-2-1024x862.png 1024w, https:\/\/www.xoxo-design.ch\/wp-content\/uploads\/2023\/04\/image-2-300x252.png 300w, https:\/\/www.xoxo-design.ch\/wp-content\/uploads\/2023\/04\/image-2-768x646.png 768w, https:\/\/www.xoxo-design.ch\/wp-content\/uploads\/2023\/04\/image-2-1536x1292.png 1536w, https:\/\/www.xoxo-design.ch\/wp-content\/uploads\/2023\/04\/image-2-2048x1723.png 2048w, https:\/\/www.xoxo-design.ch\/wp-content\/uploads\/2023\/04\/image-2-600x505.png 600w\" sizes=\"(max-width: 1024px) 100vw, 1024px\" \/><\/figure>\n\n\n\n<h2 class=\"wp-block-heading has-normal-font-size\">La lumi\u00e8re est aussi vari\u00e9e que la vie elle-m\u00eame. <\/h2>\n\n\n\n<p>La lumi\u00e8re, c'est la vie. La lumi\u00e8re, c'est l'\u00e9motion. La lumi\u00e8re, c'est la chaleur et la lumi\u00e8re, c'est l'atmosph\u00e8re. La lumi\u00e8re est aussi vari\u00e9e que l'\u00eatre humain lui-m\u00eame. Elle apporte de la clart\u00e9 dans l'obscurit\u00e9 et cr\u00e9e de l'espoir. C'est l'\u00e9nergie et le facteur qui nous rend possibles, nous les humains, et tout ce qui nous entoure. C'est pour cette raison que nous nous passionnons pour la lumi\u00e8re et que nous donnons de l'\u00e9nergie \u00e0 nos clients. <span class=\"brand\"><span class=\"name\">xoxo.<\/span><span class=\"plus\">+<\/span><\/span> tout pour cr\u00e9er les solutions les plus innovantes en mati\u00e8re de lumi\u00e8re portable. Nous sommes fascin\u00e9s par les possibilit\u00e9s offertes par la lumi\u00e8re - \"nous vivons la lumi\u00e8re\".<\/p>\n\n\n\n<h2 class=\"wp-block-heading has-normal-font-size\">Le site <span class=\"brand\"><span class=\"name\">xoxo.<\/span><span class=\"plus\">+<\/span><\/span> Lampes de table <\/h2>\n\n\n\n<p>Nous savons tous qu'une pi\u00e8ce lumineuse sans ombre est monotone et inconfortable. Cela devient plus int\u00e9ressant et beaucoup plus intime si vous cr\u00e9ez des \u00eelots de lumi\u00e8re et des zones moins \u00e9clair\u00e9es. C'est pr\u00e9cis\u00e9ment pour cela que nos lampes de table xoxo sont parfaitement adapt\u00e9es, elles permettent de jouer et de cr\u00e9er \u00e0 merveille, que ce soit \u00e0 l'ext\u00e9rieur ou \u00e0 l'int\u00e9rieur, sur la table de nuit, la table d'appoint ou la commode. <\/p>\n\n\n\n<p>Les petites lampes de table xoxo, de taille pratique et de forme \"plut\u00f4t fluide\", cr\u00e9ent des \u00eelots de lumi\u00e8re l\u00e0 o\u00f9 l'on a besoin de clart\u00e9 ou d'ambiance, pour lire, cuisiner, faire des grillades, travailler, langer un b\u00e9b\u00e9, coudre ; une portabilit\u00e9 quasi illimit\u00e9e et sans c\u00e2ble d'alimentation g\u00eanant. <\/p>\n\n\n\n<p>Les nouveaux d\u00e9veloppements techniques permettent des solutions hautement efficaces et \u00e9conomiquement viables. Ces faits r\u00e9volutionnent de plus en plus la technologie des lampes de table, que nous avons utilis\u00e9e dans le d\u00e9veloppement de la lampe de table xoxo. <\/p>\n\n\n\n<p>C'est de l\u00e0 que sont n\u00e9es nos lampes de table xoxo, esth\u00e9tiquement cr\u00e9atives, qui diffusent traditionnellement toujours la lumi\u00e8re du haut vers le bas, ce qui ne peut jamais cr\u00e9er un effet d'\u00e9blouissement g\u00eanant, tout comme l'exige la longue tradition des lampes de table. <\/p>\n\n\n\n<p>Nos produits s'adaptent toujours et partout, \u00e0 chaque r\u00e9alit\u00e9 de vie. Ils enrichissent chaque \u00e9poque de meuble par leur forme ou leur choix de couleur et cr\u00e9ent, gr\u00e2ce \u00e0 leur langage des formes simple et fluide, des \u00e9volutions lumineuses fascinantes pour chaque application recherch\u00e9e - quasiment comme compagnon permanent de votre \u00eele lumineuse personnelle.<\/p>\n\n\n\n<figure data-no-zoom=\"true\" class=\"wp-block-image alignwide size-large\"><img decoding=\"async\" loading=\"lazy\" width=\"1024\" height=\"916\" src=\"https:\/\/www.xoxo-design.ch\/wp-content\/uploads\/2023\/04\/image-1024x916.png\" alt=\"\" class=\"wp-image-563\" srcset=\"https:\/\/www.xoxo-design.ch\/wp-content\/uploads\/2023\/04\/image-1024x916.png 1024w, https:\/\/www.xoxo-design.ch\/wp-content\/uploads\/2023\/04\/image-300x268.png 300w, https:\/\/www.xoxo-design.ch\/wp-content\/uploads\/2023\/04\/image-768x687.png 768w, https:\/\/www.xoxo-design.ch\/wp-content\/uploads\/2023\/04\/image-1536x1375.png 1536w, https:\/\/www.xoxo-design.ch\/wp-content\/uploads\/2023\/04\/image-2048x1833.png 2048w, https:\/\/www.xoxo-design.ch\/wp-content\/uploads\/2023\/04\/image-600x537.png 600w\" sizes=\"(max-width: 1024px) 100vw, 1024px\" \/><\/figure>\n\n\n\n<h2 class=\"wp-block-heading has-normal-font-size\">Lumi\u00e8re &amp; flexibilit\u00e9 <\/h2>\n\n\n\n<p>D\u00e9tach\u00e9es de la corde \u00e9lectrique, nos lampes de table xoxo r\u00e9volutionnent la prochaine g\u00e9n\u00e9ration de lumi\u00e8re et s'adaptent au style de vie \"nomade\" de l'Homme. Les crit\u00e8res suivants sont caract\u00e9ristiques : sans fil - portable - rechargeable - mobile - flexible. <\/p>\n\n\n\n<p>Comme chez l'\u00eatre humain, la flexibilit\u00e9 se manifeste aussi dans les \"nouvelles\" lampes de table xoxo, qui ne d\u00e9pendent ni d'une table fixe, ni d'une prise de courant, car c'est selon notre besoin que la lumi\u00e8re se d\u00e9place avec nous, qu'elle se connecte avec nous et qu'elle donne de l'\u00e9clairage partout o\u00f9 nous en avons besoin. Elle est utilisable de mani\u00e8re quasi \"nomade\".<\/p>\n\n\n\n<figure data-no-zoom=\"true\" class=\"wp-block-image size-full\"><img decoding=\"async\" src=\"https:\/\/www.xoxo-design.ch\/wp-content\/uploads\/2023\/06\/xoxo-loves-you.svg\" alt=\"\" class=\"wp-image-723\"\/><\/figure>\n\n\n\n<div style=\"height:100px\" aria-hidden=\"true\" class=\"wp-block-spacer\"><\/div>","protected":false},"excerpt":{"rendered":"<p>\"Kisses &amp; Hugs\" 30 ans d'exp\u00e9rience dans le domaine de la lumi\u00e8re et de l'\u00e9clairage ont donn\u00e9 naissance \u00e0 XOXO-Design AG en 2022. XOXO et sa signification de \"kisses &amp; hugs\" r\u00e9sume parfaitement en deux mots \u00e9motionnels la passion de notre entreprise. Notre ambition est de d\u00e9velopper des lampes rechargeables exclusives et hautement fonctionnelles pour notre client\u00e8le. Le design et la technologie fusionnent ainsi [...].<\/p>","protected":false},"author":1,"featured_media":0,"parent":0,"menu_order":0,"comment_status":"closed","ping_status":"closed","template":"","meta":[],"acf":[],"_links":{"self":[{"href":"https:\/\/www.xoxo-design.ch\/fr\/wp-json\/wp\/v2\/pages\/74"}],"collection":[{"href":"https:\/\/www.xoxo-design.ch\/fr\/wp-json\/wp\/v2\/pages"}],"about":[{"href":"https:\/\/www.xoxo-design.ch\/fr\/wp-json\/wp\/v2\/types\/page"}],"author":[{"embeddable":true,"href":"https:\/\/www.xoxo-design.ch\/fr\/wp-json\/wp\/v2\/users\/1"}],"replies":[{"embeddable":true,"href":"https:\/\/www.xoxo-design.ch\/fr\/wp-json\/wp\/v2\/comments?post=74"}],"version-history":[{"count":10,"href":"https:\/\/www.xoxo-design.ch\/fr\/wp-json\/wp\/v2\/pages\/74\/revisions"}],"predecessor-version":[{"id":725,"href":"https:\/\/www.xoxo-design.ch\/fr\/wp-json\/wp\/v2\/pages\/74\/revisions\/725"}],"wp:attachment":[{"href":"https:\/\/www.xoxo-design.ch\/fr\/wp-json\/wp\/v2\/media?parent=74"}],"curies":[{"name":"wp","href":"https:\/\/api.w.org\/{rel}","templated":true}]}}