{"id":78,"date":"2023-03-10T08:01:23","date_gmt":"2023-03-10T07:01:23","guid":{"rendered":"https:\/\/xoxo-design.dev.hayloft-it.ch\/?page_id=78"},"modified":"2023-08-30T09:38:37","modified_gmt":"2023-08-30T07:38:37","slug":"wiederverkaufer","status":"publish","type":"page","link":"https:\/\/www.xoxo-design.ch\/fr\/partenariat\/","title":{"rendered":"Revendeur"},"content":{"rendered":"<h1 class=\"wp-block-heading\">Rejoignez les forces avec <span class=\"brand\"><span class=\"name\">xoxo.<\/span><span class=\"plus\">+<\/span><\/span><\/h1>\n\n\n\n<div class=\"wp-block-media-text alignwide is-stacked-on-mobile\"><figure class=\"wp-block-media-text__media\" data-no-zoom=\"true\"><img decoding=\"async\" loading=\"lazy\" width=\"1024\" height=\"717\" src=\"https:\/\/www.xoxo-design.ch\/wp-content\/uploads\/2023\/04\/grafik-1024x717.png\" alt=\"\" class=\"wp-image-565 size-full\" srcset=\"https:\/\/www.xoxo-design.ch\/wp-content\/uploads\/2023\/04\/grafik-1024x717.png 1024w, https:\/\/www.xoxo-design.ch\/wp-content\/uploads\/2023\/04\/grafik-300x210.png 300w, https:\/\/www.xoxo-design.ch\/wp-content\/uploads\/2023\/04\/grafik-768x538.png 768w, https:\/\/www.xoxo-design.ch\/wp-content\/uploads\/2023\/04\/grafik-1536x1076.png 1536w, https:\/\/www.xoxo-design.ch\/wp-content\/uploads\/2023\/04\/grafik-2048x1434.png 2048w, https:\/\/www.xoxo-design.ch\/wp-content\/uploads\/2023\/04\/grafik-600x420.png 600w\" sizes=\"(max-width: 1024px) 100vw, 1024px\" \/><\/figure><div class=\"wp-block-media-text__content\">\n<h2 class=\"wp-block-heading\">Devenir revendeur maintenant<\/h2>\n\n\n\n<p><span class=\"brand\"><span class=\"name\">xoxo.<\/span><span class=\"plus\">+<\/span><\/span> s'appuie sur un r\u00e9seau exclusif de revendeurs dans les secteurs de l'ameublement et de l'am\u00e9nagement, de la literie, de l'\u00e9clairage et de la d\u00e9coration.<br>Magasins d'\u00e9lectrom\u00e9nager avec leur propre exposition.<\/p>\n\n\n\n<p>Inscrivez-vous d\u00e8s aujourd'hui. Nous examinerons votre demande dans les plus brefs d\u00e9lais.<\/p>\n\n\n\n<p>Si vous avez des questions, n'h\u00e9sitez pas \u00e0 nous contacter \u00e0<br><a href=\"mailto:info@xoxo-design.ch\">info@xoxo-design.ch<\/a> \u00e0 disposition.<\/p>\n\n\n\n<div class=\"wp-block-group is-content-justification-space-between is-layout-flex wp-container-2\">\n<p>Votre <span class=\"brand\"><span class=\"name\">xoxo.<\/span><span class=\"plus\">+<\/span><\/span>-\u00e9quipe<\/p>\n\n\n\n<div class=\"wp-block-buttons is-layout-flex\">\n<div class=\"wp-block-button\"><a class=\"wp-block-button__link wp-element-button\" href=\"https:\/\/www.xoxo-design.ch\/fr\/compte\/?type=business\">vers l'enregistrement<\/a><\/div>\n<\/div>\n<\/div>\n<\/div><\/div>","protected":false},"excerpt":{"rendered":"<p>Rejoignez les forces avec xoxo<\/p>","protected":false},"author":1,"featured_media":0,"parent":0,"menu_order":0,"comment_status":"closed","ping_status":"closed","template":"","meta":[],"acf":[],"_links":{"self":[{"href":"https:\/\/www.xoxo-design.ch\/fr\/wp-json\/wp\/v2\/pages\/78"}],"collection":[{"href":"https:\/\/www.xoxo-design.ch\/fr\/wp-json\/wp\/v2\/pages"}],"about":[{"href":"https:\/\/www.xoxo-design.ch\/fr\/wp-json\/wp\/v2\/types\/page"}],"author":[{"embeddable":true,"href":"https:\/\/www.xoxo-design.ch\/fr\/wp-json\/wp\/v2\/users\/1"}],"replies":[{"embeddable":true,"href":"https:\/\/www.xoxo-design.ch\/fr\/wp-json\/wp\/v2\/comments?post=78"}],"version-history":[{"count":26,"href":"https:\/\/www.xoxo-design.ch\/fr\/wp-json\/wp\/v2\/pages\/78\/revisions"}],"predecessor-version":[{"id":874,"href":"https:\/\/www.xoxo-design.ch\/fr\/wp-json\/wp\/v2\/pages\/78\/revisions\/874"}],"wp:attachment":[{"href":"https:\/\/www.xoxo-design.ch\/fr\/wp-json\/wp\/v2\/media?parent=78"}],"curies":[{"name":"wp","href":"https:\/\/api.w.org\/{rel}","templated":true}]}}