{"id":171,"date":"2023-03-14T10:42:18","date_gmt":"2023-03-14T09:42:18","guid":{"rendered":"https:\/\/xoxo-design.dev.hayloft-it.ch\/?post_type=product&#038;p=171"},"modified":"2025-12-08T15:13:12","modified_gmt":"2025-12-08T14:13:12","slug":"x8","status":"publish","type":"product","link":"https:\/\/www.xoxo-design.ch\/fr\/shop\/tischleuchte\/x8\/","title":{"rendered":"Lampe de table X8 - L'\u00e9l\u00e9gance sans fil pour ta maison"},"content":{"rendered":"<p><strong>\u2728 Points forts du produit<\/strong><\/p>\n<p><b>\u2705<\/b> 3 zones d'\u00e9clairage LED contr\u00f4lables (anneau ext\u00e9rieur, anneau int\u00e9rieur, les deux ensemble)<br \/>\n\u2705 2700K lumi\u00e8re blanche chaude pour une atmosph\u00e8re confortable<br \/>\n\u2705 Longue dur\u00e9e de vie de la batterie - jusqu'\u00e0 20 heures de lumi\u00e8re<br \/>\n\u2705 Recharge via la station de charge magn\u00e9tique avec connecteur USB-C<br \/>\n\u2705 Alliage d'aluminium de haute qualit\u00e9 en quatre couleurs raffin\u00e9es<br \/>\n\u2705 R\u00e9sistant \u00e0 l'eau (IP54) - convient \u00e9galement pour l'ext\u00e9rieur<\/p>","protected":false},"excerpt":{"rendered":"<div class=\"flex-shrink-0 flex flex-col relative items-end\">\n<div>\n<div class=\"pt-0\">\n<div class=\"gizmo-bot-avatar flex h-8 w-8 items-center justify-center overflow-hidden rounded-full\">\n<div class=\"relative p-1 rounded-sm flex items-center justify-center bg-token-main-surface-primary text-token-text-primary h-8 w-8\">Gr\u00e2ce \u00e0 sa technologie innovante, la lampe de table X8 offre un \u00e9clairage uniforme et non \u00e9blouissant pour tous les environnements. Avec son variateur d'intensit\u00e9 en continu, son chargement sans fil et son autonomie de 20 heures, elle est le choix id\u00e9al pour ton salon, ton bureau, ta chambre ou m\u00eame ta terrasse.<\/div>\n<\/div>\n<\/div>\n<\/div>\n<\/div>","protected":false},"featured_media":1096,"comment_status":"closed","ping_status":"closed","template":"","meta":[],"product_cat":[29],"product_tag":[],"acf":[],"_links":{"self":[{"href":"https:\/\/www.xoxo-design.ch\/fr\/wp-json\/wp\/v2\/product\/171"}],"collection":[{"href":"https:\/\/www.xoxo-design.ch\/fr\/wp-json\/wp\/v2\/product"}],"about":[{"href":"https:\/\/www.xoxo-design.ch\/fr\/wp-json\/wp\/v2\/types\/product"}],"replies":[{"embeddable":true,"href":"https:\/\/www.xoxo-design.ch\/fr\/wp-json\/wp\/v2\/comments?post=171"}],"wp:featuredmedia":[{"embeddable":true,"href":"https:\/\/www.xoxo-design.ch\/fr\/wp-json\/wp\/v2\/media\/1096"}],"wp:attachment":[{"href":"https:\/\/www.xoxo-design.ch\/fr\/wp-json\/wp\/v2\/media?parent=171"}],"wp:term":[{"taxonomy":"product_cat","embeddable":true,"href":"https:\/\/www.xoxo-design.ch\/fr\/wp-json\/wp\/v2\/product_cat?post=171"},{"taxonomy":"product_tag","embeddable":true,"href":"https:\/\/www.xoxo-design.ch\/fr\/wp-json\/wp\/v2\/product_tag?post=171"}],"curies":[{"name":"wp","href":"https:\/\/api.w.org\/{rel}","templated":true}]}}