{"id":334,"date":"2023-04-13T08:31:08","date_gmt":"2023-04-13T06:31:08","guid":{"rendered":"https:\/\/xoxo-design.dev.hayloft-it.ch\/?post_type=product&#038;p=334"},"modified":"2026-01-26T23:12:58","modified_gmt":"2026-01-26T22:12:58","slug":"x2","status":"publish","type":"product","link":"https:\/\/www.xoxo-design.ch\/fr\/shop\/tischleuchte\/x2\/","title":{"rendered":"Lampe de table X2 - Un \u00e9clairage styl\u00e9 \u00e0 l'\u00e9l\u00e9gance classique"},"content":{"rendered":"<p><b><strong>\u2728<\/strong> Points forts du produit<\/b><\/p>\n<p><b>\u2705<\/b> Surface en aluminium de haute qualit\u00e9 - durable &amp; \u00e9l\u00e9gant !<br \/>\n\u2705 Parfait pour les pi\u00e8ces \u00e0 vivre, les bureaux &amp; les tables de nuit - un design \u00e9l\u00e9gant pour chaque ambiance !<br \/>\n\u2705 Variation progressive de l'intensit\u00e9 lumineuse (5% - 100%) - la luminosit\u00e9 parfaite pour chaque situation !<br \/>\n\u2705 Lumi\u00e8re non \u00e9blouissante &amp; uniforme - m\u00e9nage les yeux &amp; cr\u00e9e un moment de bien-\u00eatre<br \/>\n\u2705 Longue dur\u00e9e de vie de la batterie - jusqu'\u00e0 20 heures de lumi\u00e8re<b><br \/>\n<\/b><\/p>","protected":false},"excerpt":{"rendered":"<p>La lampe de table X2 allie l'\u00e9l\u00e9gance classique \u00e0 la technologie LED la plus moderne. Elle cr\u00e9e une atmosph\u00e8re agr\u00e9able pour les pi\u00e8ces \u00e0 vivre, les espaces de travail et les moments de d\u00e9tente. L'\u00e9clairage r\u00e9glable en continu s'adapte parfaitement \u00e0 tes besoins - de la lumi\u00e8re d'ambiance douce \u00e0 l'\u00e9clairage de travail focalis\u00e9.<\/p>","protected":false},"featured_media":922,"comment_status":"closed","ping_status":"closed","template":"","meta":[],"product_cat":[29],"product_tag":[],"acf":[],"_links":{"self":[{"href":"https:\/\/www.xoxo-design.ch\/fr\/wp-json\/wp\/v2\/product\/334"}],"collection":[{"href":"https:\/\/www.xoxo-design.ch\/fr\/wp-json\/wp\/v2\/product"}],"about":[{"href":"https:\/\/www.xoxo-design.ch\/fr\/wp-json\/wp\/v2\/types\/product"}],"replies":[{"embeddable":true,"href":"https:\/\/www.xoxo-design.ch\/fr\/wp-json\/wp\/v2\/comments?post=334"}],"wp:featuredmedia":[{"embeddable":true,"href":"https:\/\/www.xoxo-design.ch\/fr\/wp-json\/wp\/v2\/media\/922"}],"wp:attachment":[{"href":"https:\/\/www.xoxo-design.ch\/fr\/wp-json\/wp\/v2\/media?parent=334"}],"wp:term":[{"taxonomy":"product_cat","embeddable":true,"href":"https:\/\/www.xoxo-design.ch\/fr\/wp-json\/wp\/v2\/product_cat?post=334"},{"taxonomy":"product_tag","embeddable":true,"href":"https:\/\/www.xoxo-design.ch\/fr\/wp-json\/wp\/v2\/product_tag?post=334"}],"curies":[{"name":"wp","href":"https:\/\/api.w.org\/{rel}","templated":true}]}}