{"id":419,"date":"2023-04-14T14:06:42","date_gmt":"2023-04-14T12:06:42","guid":{"rendered":"https:\/\/xoxo-design.dev.hayloft-it.ch\/?page_id=419"},"modified":"2023-04-17T14:07:41","modified_gmt":"2023-04-17T12:07:41","slug":"kontakt","status":"publish","type":"page","link":"https:\/\/www.xoxo-design.ch\/it\/servizio-di-assistenza\/contatto\/","title":{"rendered":"Contatto"},"content":{"rendered":"<h1 class=\"wp-block-heading\">Come possiamo aiutarvi?<\/h1>\n\n\n\n<p>Hai una domanda o vuoi diventare un partner (distributore) XOXO?<\/p>\n\n\n\n<p>Compilate questo modulo di contatto. Vi contatteremo immediatamente entro le 24 ore successive (nei consueti giorni lavorativi dal luned\u00ec al venerd\u00ec dalle 08.00 alle 20.00). Grazie per la vostra comprensione.<\/p>\n\n\n<script type=\"text\/javascript\">var gform;gform||(document.addEventListener(\"gform_main_scripts_loaded\",function(){gform.scriptsLoaded=!0}),window.addEventListener(\"DOMContentLoaded\",function(){gform.domLoaded=!0}),gform={domLoaded:!1,scriptsLoaded:!1,initializeOnLoaded:function(o){gform.domLoaded&&gform.scriptsLoaded?o():!gform.domLoaded&&gform.scriptsLoaded?window.addEventListener(\"DOMContentLoaded\",o):document.addEventListener(\"gform_main_scripts_loaded\",o)},hooks:{action:{},filter:{}},addAction:function(o,n,r,t){gform.addHook(\"action\",o,n,r,t)},addFilter:function(o,n,r,t){gform.addHook(\"filter\",o,n,r,t)},doAction:function(o){gform.doHook(\"action\",o,arguments)},applyFilters:function(o){return gform.doHook(\"filter\",o,arguments)},removeAction:function(o,n){gform.removeHook(\"action\",o,n)},removeFilter:function(o,n,r){gform.removeHook(\"filter\",o,n,r)},addHook:function(o,n,r,t,i){null==gform.hooks[o][n]&&(gform.hooks[o][n]=[]);var e=gform.hooks[o][n];null==i&&(i=n+\"_\"+e.length),gform.hooks[o][n].push({tag:i,callable:r,priority:t=null==t?10:t})},doHook:function(n,o,r){var t;if(r=Array.prototype.slice.call(r,1),null!=gform.hooks[n][o]&&((o=gform.hooks[n][o]).sort(function(o,n){return o.priority-n.priority}),o.forEach(function(o){\"function\"!=typeof(t=o.callable)&&(t=window[t]),\"action\"==n?t.apply(null,r):r[0]=t.apply(null,r)})),\"filter\"==n)return r[0]},removeHook:function(o,n,t,i){var r;null!=gform.hooks[o][n]&&(r=(r=gform.hooks[o][n]).filter(function(o,n,r){return!!(null!=i&&i!=o.tag||null!=t&&t!=o.priority)}),gform.hooks[o][n]=r)}});<\/script>\n                <div class='gf_browser_gecko gform_wrapper gravity-theme gform-theme--no-framework' data-form-theme='gravity-theme' data-form-index='0' id='gform_wrapper_1' style='display:none'><div id='gf_1' class='gform_anchor' tabindex='-1'><\/div><form method='post' enctype='multipart\/form-data' target='gform_ajax_frame_1' id='gform_1'  action='\/it\/wp-json\/wp\/v2\/pages\/419#gf_1' data-formid='1' novalidate data-trp-original-action=\"\/it\/wp-json\/wp\/v2\/pages\/419#gf_1\">\n                        <div class='gform-body gform_body'><div id='gform_fields_1' class='gform_fields top_label form_sublabel_below description_below'><div id=\"field_1_14\"  class=\"gfield gfield--type-select gfield--width-full gfield_contains_required field_sublabel_below gfield--no-description field_description_below gfield_visibility_visible form-group\"  data-field-class=\"form-group\" data-js-reload=\"field_1_14\"><div class=\"form-floating\"><select name=\"input_14\" id=\"input_1_14\" class=\"large gfield_select form-select form-control form-control\" aria-required=\"true\" aria-invalid=\"false\" placeholder=\"Sie sind\"><option value=\"Privatkunde\" selected>Cliente privato<\/option><option value=\"Firma\">Azienda<\/option><\/select><label class=\"gfield_label gform-field-label\" for=\"input_1_14\">Voi siete<\/label><\/div><\/div><div id=\"field_1_1\"  class=\"gfield gfield--type-text gfield--width-full gfield_contains_required field_sublabel_below gfield--no-description field_description_below gfield_visibility_visible form-group\"  data-field-class=\"form-group\" data-js-reload=\"field_1_1\"><div class=\"form-floating\"><input name=\"input_1\" id=\"input_1_1\" type=\"text\" value=\"\" class=\"large form-control form-control\" aria-required=\"true\" aria-invalid=\"false\" placeholder=\"Azienda\"><label class=\"gfield_label gform-field-label\" for=\"input_1_1\">Azienda<\/label><\/div><\/div><div id=\"field_1_12\"  class=\"gfield gfield--type-text gfield--width-half gfield_contains_required field_sublabel_below gfield--no-description field_description_below gfield_visibility_visible form-group\"  data-field-class=\"form-group\" data-js-reload=\"field_1_12\"><div class=\"form-floating\"><input name=\"input_12\" id=\"input_1_12\" type=\"text\" value=\"\" class=\"large form-control form-control\" aria-required=\"true\" aria-invalid=\"false\" placeholder=\"Nome\"><label class=\"gfield_label gform-field-label\" for=\"input_1_12\">Nome<\/label><\/div><\/div><div id=\"field_1_13\"  class=\"gfield gfield--type-text gfield--width-half gfield_contains_required field_sublabel_below gfield--no-description field_description_below gfield_visibility_visible form-group\"  data-field-class=\"form-group\" data-js-reload=\"field_1_13\"><div class=\"form-floating\"><input name=\"input_13\" id=\"input_1_13\" type=\"text\" value=\"\" class=\"large form-control form-control\" aria-required=\"true\" aria-invalid=\"false\" placeholder=\"Cognome\"><label class=\"gfield_label gform-field-label\" for=\"input_1_13\">Cognome<\/label><\/div><\/div><div id=\"field_1_4\"  class=\"gfield gfield--type-email gfield--width-half gfield_contains_required field_sublabel_below gfield--no-description field_description_below gfield_visibility_visible form-group\"  data-field-class=\"form-group\" data-js-reload=\"field_1_4\"><div class=\"form-floating\"><input name=\"input_4\" id=\"input_1_4\" type=\"email\" value=\"\" class=\"large form-control form-control\" aria-required=\"true\" aria-invalid=\"false\" placeholder=\"E-mail\"><label class=\"gfield_label gform-field-label\" for=\"input_1_4\">E-mail<\/label><\/div><\/div><div id=\"field_1_6\"  class=\"gfield gfield--type-text gfield--width-half field_sublabel_below gfield--no-description field_description_below gfield_visibility_visible form-group\"  data-field-class=\"form-group\" data-js-reload=\"field_1_6\"><div class=\"form-floating\"><input name=\"input_6\" id=\"input_1_6\" type=\"text\" value=\"\" class=\"large form-control form-control\" aria-invalid=\"false\" placeholder=\"Telefono (opzionale)\"><label class=\"gfield_label gform-field-label\" for=\"input_1_6\">Telefono (opzionale)<\/label><\/div><\/div><div id=\"field_1_7\"  class=\"gfield gfield--type-text gfield--width-half field_sublabel_below gfield--no-description field_description_below gfield_visibility_visible form-group\"  data-field-class=\"form-group\" data-js-reload=\"field_1_7\"><div class=\"form-floating\"><input name=\"input_7\" id=\"input_1_7\" type=\"text\" value=\"\" class=\"large form-control form-control\" aria-invalid=\"false\" placeholder=\"Via (opzionale)\"><label class=\"gfield_label gform-field-label\" for=\"input_1_7\">Via (opzionale)<\/label><\/div><\/div><div id=\"field_1_9\"  class=\"gfield gfield--type-text gfield--width-quarter zip gfield_contains_required field_sublabel_below gfield--no-description field_description_below gfield_visibility_visible form-group\"  data-field-class=\"form-group\" data-js-reload=\"field_1_9\"><div class=\"form-floating\"><input name=\"input_9\" id=\"input_1_9\" type=\"text\" value=\"\" class=\"large form-control form-control\" aria-required=\"true\" aria-invalid=\"false\" placeholder=\"CAP\"><label class=\"gfield_label gform-field-label\" for=\"input_1_9\">CAP<\/label><\/div><\/div><div id=\"field_1_8\"  class=\"gfield gfield--type-text gfield--width-quarter city gfield_contains_required field_sublabel_below gfield--no-description field_description_below gfield_visibility_visible form-group\"  data-field-class=\"form-group\" data-js-reload=\"field_1_8\"><div class=\"form-floating\"><input name=\"input_8\" id=\"input_1_8\" type=\"text\" value=\"\" class=\"large form-control form-control\" aria-required=\"true\" aria-invalid=\"false\" placeholder=\"Luogo\"><label class=\"gfield_label gform-field-label\" for=\"input_1_8\">Luogo<\/label><\/div><\/div><div id=\"field_1_5\"  class=\"gfield gfield--type-textarea gfield_contains_required field_sublabel_below gfield--no-description field_description_below gfield_visibility_visible form-group\"  data-field-class=\"form-group\" data-js-reload=\"field_1_5\"><div class=\"form-floating\"><textarea name=\"input_5\" id=\"input_1_5\" class=\"textarea large form-control form-control\" aria-required=\"true\" aria-invalid=\"false\" rows=\"10\" cols=\"50\" placeholder=\"Messaggio\"><\/textarea><label class=\"gfield_label gform-field-label\" for=\"input_1_5\">Messaggio<\/label><\/div><\/div><div id=\"field_1_15\"  class=\"gfield gfield--type-captcha field_sublabel_below gfield--no-description field_description_below hidden_label gfield_visibility_visible form-group\"  data-field-class=\"form-group\" data-js-reload=\"field_1_15\"><label class='gfield_label gform-field-label' for='input_1_15' >CAPTCHA <span class=\"gfield_required\">(opzionale)<\/span><\/label><div id='input_1_15' class='ginput_container ginput_recaptcha' data-sitekey='6LffaTYpAAAAAAuiAj7oGSp7qs-lvRSf2s5eEOpL'  data-theme='light' data-tabindex='0'  data-badge=''><\/div><\/div><\/div><\/div>\n        <div class='gform_footer before'> <button type='submit' id='gform_submit_button_1' class='wp-block-button' value='Absenden'  onclick='if(window[\"gf_submitting_1\"]){return false;}  if( !jQuery(\"#gform_1\")[0].checkValidity || jQuery(\"#gform_1\")[0].checkValidity()){window[\"gf_submitting_1\"]=true;}  ' onkeypress='if( event.keyCode == 13 ){ if(window[\"gf_submitting_1\"]){return false;} if( !jQuery(\"#gform_1\")[0].checkValidity || jQuery(\"#gform_1\")[0].checkValidity()){window[\"gf_submitting_1\"]=true;}  jQuery(\"#gform_1\").trigger(\"submit\",[true]); }' \/><span class=\"wp-block-button__link wp-element-button\">Invia<\/span><\/button> <input type='hidden' name='gform_ajax' value='form_id=1&amp;title=&amp;description=&amp;tabindex=0' \/>\n            <input type='hidden' class='gform_hidden' name='is_submit_1' value='1' \/>\n            <input type='hidden' class='gform_hidden' name='gform_submit' value='1' \/>\n            \n            <input type='hidden' class='gform_hidden' name='gform_unique_id' value='' \/>\n            <input type='hidden' class='gform_hidden' name='state_1' value='WyJ7XCIxNFwiOltcIjc3NTEzMGU3OWQwYmJjODc4OTIyM2ZhM2ZlYmMyYWYzXCIsXCI3ZDQ1OGMxYTUxMGVmMmMxNTNiY2QxZGMyNWZjN2UyY1wiXX0iLCIwOWQ3ZTRhMWI3YjI4ODVlZWE3YjczYWI4MmU5ZDYxMSJd' \/>\n            <input type='hidden' class='gform_hidden' name='gform_target_page_number_1' id='gform_target_page_number_1' value='0' \/>\n            <input type='hidden' class='gform_hidden' name='gform_source_page_number_1' id='gform_source_page_number_1' value='1' \/>\n            <input type='hidden' name='gform_field_values' value='' \/>\n            \n        <\/div>\n                        <input type=\"hidden\" name=\"trp-form-language\" value=\"it\"\/><\/form>\n                        <\/div>\n\t\t                <iframe style='display:none;width:0px;height:0px;' src='about:blank' name='gform_ajax_frame_1' id='gform_ajax_frame_1' title='Questo iframe contiene la logica necessaria per gestire Gravity Forms con Ajax.'><\/iframe>\n\t\t                <script type=\"text\/javascript\">\ngform.initializeOnLoaded( function() {gformInitSpinner( 1, 'https:\/\/www.xoxo-design.ch\/wp-content\/plugins\/gravityforms\/images\/spinner.svg', true );jQuery('#gform_ajax_frame_1').on('load',function(){var contents = jQuery(this).contents().find('*').html();var is_postback = contents.indexOf('GF_AJAX_POSTBACK') >= 0;if(!is_postback){return;}var form_content = jQuery(this).contents().find('#gform_wrapper_1');var is_confirmation = jQuery(this).contents().find('#gform_confirmation_wrapper_1').length > 0;var is_redirect = contents.indexOf('gformRedirect(){') >= 0;var is_form = form_content.length > 0 && ! is_redirect && ! is_confirmation;var mt = parseInt(jQuery('html').css('margin-top'), 10) + parseInt(jQuery('body').css('margin-top'), 10) + 100;if(is_form){jQuery('#gform_wrapper_1').html(form_content.html());if(form_content.hasClass('gform_validation_error')){jQuery('#gform_wrapper_1').addClass('gform_validation_error');} else {jQuery('#gform_wrapper_1').removeClass('gform_validation_error');}setTimeout( function() { \/* delay the scroll by 50 milliseconds to fix a bug in chrome *\/ jQuery(document).scrollTop(jQuery('#gform_wrapper_1').offset().top - mt); }, 50 );if(window['gformInitDatepicker']) {gformInitDatepicker();}if(window['gformInitPriceFields']) {gformInitPriceFields();}var current_page = jQuery('#gform_source_page_number_1').val();gformInitSpinner( 1, 'https:\/\/www.xoxo-design.ch\/wp-content\/plugins\/gravityforms\/images\/spinner.svg', true );jQuery(document).trigger('gform_page_loaded', [1, current_page]);window['gf_submitting_1'] = false;}else if(!is_redirect){var confirmation_content = jQuery(this).contents().find('.GF_AJAX_POSTBACK').html();if(!confirmation_content){confirmation_content = contents;}setTimeout(function(){jQuery('#gform_wrapper_1').replaceWith(confirmation_content);jQuery(document).scrollTop(jQuery('#gf_1').offset().top - mt);jQuery(document).trigger('gform_confirmation_loaded', [1]);window['gf_submitting_1'] = false;wp.a11y.speak(jQuery('#gform_confirmation_message_1').text());}, 50);}else{jQuery('#gform_1').append(contents);if(window['gformRedirect']) {gformRedirect();}}jQuery(document).trigger('gform_post_render', [1, current_page]);gform.utils.trigger({ event: 'gform\/postRender', native: false, data: { formId: 1, currentPage: current_page } });} );} );\n<\/script>","protected":false},"excerpt":{"rendered":"<p>Come possiamo aiutarvi? Avete una domanda o volete diventare un partner (distributore) XOXO? Compilate questo modulo di contatto. Vi contatteremo al pi\u00f9 presto entro le prossime 24 ore (nei normali giorni lavorativi dal luned\u00ec al venerd\u00ec dalle 08.00 alle 20.00). Grazie per la vostra comprensione.<\/p>","protected":false},"author":1,"featured_media":0,"parent":76,"menu_order":0,"comment_status":"closed","ping_status":"closed","template":"","meta":[],"acf":[],"_links":{"self":[{"href":"https:\/\/www.xoxo-design.ch\/it\/wp-json\/wp\/v2\/pages\/419"}],"collection":[{"href":"https:\/\/www.xoxo-design.ch\/it\/wp-json\/wp\/v2\/pages"}],"about":[{"href":"https:\/\/www.xoxo-design.ch\/it\/wp-json\/wp\/v2\/types\/page"}],"author":[{"embeddable":true,"href":"https:\/\/www.xoxo-design.ch\/it\/wp-json\/wp\/v2\/users\/1"}],"replies":[{"embeddable":true,"href":"https:\/\/www.xoxo-design.ch\/it\/wp-json\/wp\/v2\/comments?post=419"}],"version-history":[{"count":3,"href":"https:\/\/www.xoxo-design.ch\/it\/wp-json\/wp\/v2\/pages\/419\/revisions"}],"predecessor-version":[{"id":493,"href":"https:\/\/www.xoxo-design.ch\/it\/wp-json\/wp\/v2\/pages\/419\/revisions\/493"}],"up":[{"embeddable":true,"href":"https:\/\/www.xoxo-design.ch\/it\/wp-json\/wp\/v2\/pages\/76"}],"wp:attachment":[{"href":"https:\/\/www.xoxo-design.ch\/it\/wp-json\/wp\/v2\/media?parent=419"}],"curies":[{"name":"wp","href":"https:\/\/api.w.org\/{rel}","templated":true}]}}