{"id":63,"date":"2023-03-09T20:19:29","date_gmt":"2023-03-09T19:19:29","guid":{"rendered":"https:\/\/xoxo-design.dev.hayloft-it.ch\/?page_id=63"},"modified":"2023-06-19T19:06:54","modified_gmt":"2023-06-19T17:06:54","slug":"impressum","status":"publish","type":"page","link":"https:\/\/www.xoxo-design.ch\/it\/impronta\/","title":{"rendered":"Impronta"},"content":{"rendered":"<h1 class=\"wp-block-heading\">Impronta<\/h1>\n\n\n\n<p><strong>Organismo responsabile<\/strong><br>XOXO-Design AG<br>R\u00e4bmatt 9 6317 <br>Oberwil b. Zug<br>Svizzera<\/p>\n\n\n\n<p><a href=\"mailto:info@xoxo-design.ch\">info@xoxo-design.ch<\/a><\/p>\n\n\n\n<p><strong>Rappresentanti autorizzati<\/strong><br>Richard G. de Boer<\/p>\n\n\n\n<p><strong>Nome della societ\u00e0<\/strong>: XOXO-Design AG<br><strong>Numero di registrazione<\/strong>: CH-170.3.048.010-3<br><strong>Numero di identificazione dell'imposta sulle vendite<\/strong>: CHE-186.918.990<\/p>\n\n\n\n<p><strong>Dichiarazione di non responsabilit\u00e0<\/strong><br>L'autore non garantisce la correttezza, l'accuratezza, la tempestivit\u00e0, l'affidabilit\u00e0 e la completezza delle informazioni. Le richieste di responsabilit\u00e0 per danni causati dall'uso delle informazioni fornite, comprese quelle incomplete o errate, saranno pertanto respinte.<\/p>\n\n\n\n<p>Tutte le offerte sono soggette a modifiche. L'autore si riserva espressamente il diritto di modificare, integrare o cancellare parti delle pagine o l'intera offerta senza un annuncio separato o di interrompere temporaneamente o definitivamente la pubblicazione.<\/p>\n\n\n\n<p><strong>Esclusione di responsabilit\u00e0 per i contenuti e i link<\/strong><br>I riferimenti e i link a siti web di terzi non rientrano nella nostra sfera di responsabilit\u00e0. Si declina ogni responsabilit\u00e0 per tali siti web. L'accesso e l'utilizzo di tali siti web \u00e8 a rischio del rispettivo utente.<\/p>\n\n\n\n<p><strong>Dichiarazione di copyright<\/strong><br>I diritti d'autore e tutti gli altri diritti sui contenuti, le immagini, le foto o altri file di questo sito web appartengono esclusivamente a XOXO-Design AG o ai titolari dei diritti d'autore specificamente indicati. Per la riproduzione di qualsiasi elemento \u00e8 necessario ottenere preventivamente il consenso scritto del titolare del copyright.<\/p>\n\n\n\n<p><strong>Fonte<\/strong>:&nbsp;<a href=\"https:\/\/brainbox.swiss\/\" target=\"_blank\" rel=\"noreferrer noopener nofollow\">Soluzioni BrainBox<\/a><\/p>","protected":false},"excerpt":{"rendered":"<p>Imprint Ente responsabileXOXO-Design AGR\u00e4bmatt 9 6317 Oberwil b. ZugSvizzera info@xoxo-design.ch Rappresentanti autorizzatiRichard G. de Boer Nome della societ\u00e0: XOXO-Design AGNumero di registrazione: CH-170.3.048.010-3Numero di identificazione fiscale: CHE-186.918.990 Esclusione di responsabilit\u00e0L'autore non si assume alcuna responsabilit\u00e0 per la correttezza, l'accuratezza, l'attualit\u00e0, l'affidabilit\u00e0 e la completezza delle informazioni. Le richieste di responsabilit\u00e0 nei confronti dell'autore per danni di natura materiale o immateriale derivanti dall'accesso, dall'uso o [...]<\/p>","protected":false},"author":1,"featured_media":0,"parent":0,"menu_order":0,"comment_status":"closed","ping_status":"closed","template":"","meta":[],"acf":[],"_links":{"self":[{"href":"https:\/\/www.xoxo-design.ch\/it\/wp-json\/wp\/v2\/pages\/63"}],"collection":[{"href":"https:\/\/www.xoxo-design.ch\/it\/wp-json\/wp\/v2\/pages"}],"about":[{"href":"https:\/\/www.xoxo-design.ch\/it\/wp-json\/wp\/v2\/types\/page"}],"author":[{"embeddable":true,"href":"https:\/\/www.xoxo-design.ch\/it\/wp-json\/wp\/v2\/users\/1"}],"replies":[{"embeddable":true,"href":"https:\/\/www.xoxo-design.ch\/it\/wp-json\/wp\/v2\/comments?post=63"}],"version-history":[{"count":3,"href":"https:\/\/www.xoxo-design.ch\/it\/wp-json\/wp\/v2\/pages\/63\/revisions"}],"predecessor-version":[{"id":712,"href":"https:\/\/www.xoxo-design.ch\/it\/wp-json\/wp\/v2\/pages\/63\/revisions\/712"}],"wp:attachment":[{"href":"https:\/\/www.xoxo-design.ch\/it\/wp-json\/wp\/v2\/media?parent=63"}],"curies":[{"name":"wp","href":"https:\/\/api.w.org\/{rel}","templated":true}]}}