{"id":65,"date":"2023-03-09T20:19:41","date_gmt":"2023-03-09T19:19:41","guid":{"rendered":"https:\/\/xoxo-design.dev.hayloft-it.ch\/?page_id=65"},"modified":"2024-11-05T21:21:03","modified_gmt":"2024-11-05T20:21:03","slug":"agb","status":"publish","type":"page","link":"https:\/\/www.xoxo-design.ch\/it\/agb\/","title":{"rendered":"AGB"},"content":{"rendered":"<h1 class=\"wp-block-heading\">Termini e condizioni generali<\/h1>\n\n\n\n<h2 class=\"wp-block-heading\">1 Validit\u00e0 delle condizioni<\/h2>\n\n\n\n<p>Le forniture, i servizi e le offerte del negozio online di xoxo-design AG (CHE-186.918.990 MWST), 6317 Oberwil\/Zug, si basano esclusivamente su queste condizioni generali.<\/p>\n\n\n\n<p>Con l'ordine della merce, le presenti condizioni generali si intendono accettate. Eventuali deroghe alle condizioni generali sono efficaci solo se confermate per iscritto da xoxo-design AG.<\/p>\n\n\n\n<p>Xoxo-design AG si riserva il diritto di modificare le presenti CG in qualsiasi momento. Si applica la versione delle presenti CGC in vigore al momento dell'ordine e non pu\u00f2 essere modificata unilateralmente per questo ordine. Eventuali condizioni del cliente in contrasto o divergenti dalle presenti CGC non saranno riconosciute.<\/p>\n\n\n\n<p>In assenza di un'obiezione scritta entro 24 ore dall'ordine nel negozio online di xoxo-design AG, le CGC qui descritte si considerano accettate.<\/p>\n\n\n\n<h2 class=\"wp-block-heading\">2 Offerta e stipula del contratto<\/h2>\n\n\n\n<p>Cliccando su \"ordina ora\" (simbolo del carrello) nel negozio online xoxo-design.ch, il cliente effettua un ordine vincolante per i prodotti elencati nella pagina dell'ordine. Xoxo-design AG conferma la ricezione dell'ordine immediatamente dopo la sua ricezione. Se dopo la conferma dell'ordine viene stabilito che la consegna della merce non \u00e8 possibile, l'ordine viene annullato.<\/p>\n\n\n\n<p>Le informazioni contenute nella presentazione web di xoxo-design o in eventuali documenti di vendita di xoxo-design (disegni, illustrazioni, dimensioni, pesi e altre prestazioni) sono da intendersi come puramente indicative e non costituiscono garanzia di propriet\u00e0, a meno che non siano espressamente designate per iscritto come vincolanti.<\/p>\n\n\n\n<p>Se un cliente supera il suo limite di credito effettuando un ordine, xoxo-design AG \u00e8 esonerata dall'obbligo di consegna.<\/p>\n\n\n\n<h2 class=\"wp-block-heading\">3. Prezzi<\/h2>\n\n\n\n<p>Tutti i prezzi di vendita pubblicati nel negozio online sono prezzi finali che includono tutte le tasse (in particolare l'IVA) ed eventuali tasse di riciclaggio anticipate (vRG). I costi per l'imballaggio (imballaggi esterni speciali o prodotti xoxo rilegati su pallet), i costi di consegna dei camion o altri eventuali oneri e tasse sono elencati separatamente e sono considerati costi aggiuntivi per servizi speciali (servizi per le consegne).<\/p>\n\n\n\n<p>I prezzi indicati nella conferma d'ordine sono determinanti. Questi sono fissati per la merce in magazzino al momento dell'ordine. In caso di difficolt\u00e0 di approvvigionamento e di commissioni, si applica il prezzo giornaliero del giorno dell'ordine. I prezzi sono espressi in franchi svizzeri, comprensivi dell'imposta sul valore aggiunto prevista dalla legge e dei costi per le tasse di riciclaggio anticipate (vRG) e, se non diversamente concordato, dei costi di trasporto. I prezzi attuali sono pubblicati nel negozio online, con riserva di modifiche ed errori.<\/p>\n\n\n\n<h3 class=\"wp-block-heading\">3.1. vRG (tassa di riciclaggio anticipata)<\/h3>\n\n\n\n<p>Dal 01.08.05 i rivenditori e gli importatori di apparecchi di illuminazione sono obbligati ad accettare gratuitamente tutti i vecchi apparecchi delle categorie corrispondenti e a smaltirli in modo professionale ed ecologico. Per questo motivo, sui prodotti xoxo viene applicata una tassa di riciclaggio anticipata (vRG) secondo il listino tariffario (SENS eRecycling), che deve essere trasferita dal resto del commercio al consumatore finale senza incidere sui margini o sugli sconti per articolo.<\/p>\n\n\n\n<h2 class=\"wp-block-heading\">4. condizioni di consegna<\/h2>\n\n\n\n<p>La consegna viene effettuata solo agli indirizzi di consegna in Svizzera e nel Principato del Liechtenstein.<\/p>\n\n\n\n<p>Le date e i termini di consegna non sono vincolanti se non espressamente concordati per iscritto. L'indicazione di specifici periodi di consegna e di date di consegna da parte di xoxo-design AG \u00e8 soggetta alla corretta e puntuale consegna a xoxo-design AG da parte di fornitori e produttori.<\/p>\n\n\n\n<p>Gli ordini online (consumatori) vengono spediti senza costi di spedizione dalla Posta Svizzera tramite<\/p>\n\n\n\n<p><a>Post Pac Economy (di solito in 2 giorni) con firma del destinatario.&nbsp;&nbsp;&nbsp;&nbsp;&nbsp;&nbsp;<\/a><\/p>\n\n\n\n<p><strong><u>Ordinato oggi entro le 14.00, consegnato 2 giorni dopo (di solito) con Post Pac Economy.<\/u><\/strong><\/p>\n\n\n\n<p>Quanto segue si applica a tutti i prodotti xoxo in stock nel nostro magazzino centrale:<\/p>\n\n\n\n<p>Tutti gli ordini online dei consumatori ricevuti il luned\u00ec fino alle 14.00 e il venerd\u00ec fino alle 14.00 incluso vengono spediti il giorno stesso con la posta Parcel B e in genere arrivano all'indirizzo del destinatario 2 giorni lavorativi dopo (circa 95%).<\/p>\n\n\n\n<p>Nel caso di indirizzi di destinatari non direttamente raggiungibili dal servizio di consegna postale, il pacco o la consegna dei prodotti xoxo saranno consegnati al luogo pi\u00f9 vicino possibile (ad esempio stazione ferroviaria di montagna) o anche all'indirizzo commissionato del cliente (contattando l'ufficio postale locale).<\/p>\n\n\n\n<p>Si prega di notare che, in base alle disposizioni delle Poste Svizzere, la consegna viene effettuata solo presso il marciapiede o il punto di raccolta dei pacchi (MFH). Si prega di notare che, in base agli statuti delle Poste Svizzere, la consegna viene effettuata solo sul marciapiede o nel punto di raccolta dei pacchi (MFH). Le consegne al piano possono essere a pagamento.<\/p>\n\n\n\n<p><strong><u>Posta espressa<\/u><\/strong><\/p>\n\n\n\n<p>Sempre a spese di chi ordina.<\/p>\n\n\n\n<p><strong><u>Consegna a <span class=\"brand\"><span class=\"name\">xoxo<\/span><span class=\"plus\">+<\/span><\/span> Rivenditori in Svizzera e nel Principato del Liechtenstein<\/u><\/strong><\/p>\n\n\n\n<p>I pacchi di grandi dimensioni (lunghezza dell'imballaggio &gt; 1\u00d71 metro\/massimo 30 kg) sono soggetti a un addebito:<\/p>\n\n\n\n<p>Post Pac Economy (di solito in 2 giorni) con firma del destinatario.<\/p>\n\n\n\n<p>Peso del prodotto: X2 = 1,8 kg \/ X8 = 1,5 kg<\/p>\n\n\n\n<figure class=\"wp-block-table is-style-stripes\"><table><tbody><tr><td class=\"has-text-align-center\" data-align=\"center\">Peso<\/td><td class=\"has-text-align-center\" data-align=\"center\">Cartone \/ Articolo<\/td><td class=\"has-text-align-right\" data-align=\"right\">Costi di spedizione<\/td><\/tr><tr><td class=\"has-text-align-center\" data-align=\"center\">fino a 20 kg<\/td><td class=\"has-text-align-center\" data-align=\"center\">misto<\/td><td class=\"has-text-align-right\" data-align=\"right\">CHF 9,50<\/td><\/tr><tr><td class=\"has-text-align-center\" data-align=\"center\">fino a 30 kg<\/td><td class=\"has-text-align-center\" data-align=\"center\">misto<\/td><td class=\"has-text-align-right\" data-align=\"right\">CHF 19.00<\/td><\/tr><tr><td class=\"has-text-align-center\" data-align=\"center\">fino a 40 kg<\/td><td class=\"has-text-align-center\" data-align=\"center\">misto<\/td><td class=\"has-text-align-right\" data-align=\"right\">CHF 28,50<\/td><\/tr><\/tbody><\/table><\/figure>\n\n\n\n<p>Spedizione vincolata su europallet o pallet a perdere 120x80cm (a partire da 100 pezzi). <span class=\"brand\"><span class=\"name\">xoxo<\/span><span class=\"plus\">+<\/span><\/span> Apparecchi di illuminazione)<\/p>\n\n\n\n<p>Consegna con autocarro in tutta CH \/ FL CHF 60.00\/pallet<\/p>\n\n\n\n<p>Il cliente \u00e8 tenuto a controllare i pacchi consegnati subito dopo il ricevimento per verificarne il contenuto, la correttezza, la completezza e i danni alla consegna.<\/p>\n\n\n\n<p>Per la consegna su camion: <img decoding=\"async\" src=\"\" style=\"\"><\/p>\n\n\n\n<p>Le differenze di quantit\u00e0 visibili devono essere segnalate allo spedizioniere immediatamente dopo il ricevimento della merce (annotazione sulla lettera di vettura e sulla bolla di consegna di xoxo), le differenze di quantit\u00e0 nascoste devono essere segnalate per iscritto a xoxo-design AG entro 24 ore dal ricevimento della merce. I reclami relativi a danni, ritardi, perdite o imballaggi scadenti devono essere presentati immediatamente dopo il ricevimento della spedizione.<\/p>\n\n\n\n<p>La mancata comunicazione dei difetti in tempo utile o nella forma prevista in caso di difetti riconoscibili comporter\u00e0 la perdita di qualsiasi diritto derivante dai difetti.<\/p>\n\n\n\n<p>Il mancato rispetto dei termini di consegna senza alcuna colpa da parte nostra, ad esempio per cause di forza maggiore, scioperi, pandemie o interruzioni operative, non autorizza il cliente a recedere dal contratto e a richiedere un risarcimento danni.<strong><\/strong><\/p>\n\n\n\n<h3 class=\"wp-block-heading\">4.1 Contenitore di scambio<\/h3>\n\n\n\n<p><br>Pallet, contenitori, casse, ecc. saranno fatturati al prezzo di costo se non vengono restituiti in buone condizioni e in porto franco entro 4 settimane dal ricevimento della spedizione.<\/p>\n\n\n\n<h2 class=\"wp-block-heading\">5. mancata accettazione (consegne a clienti commerciali)<\/h2>\n\n\n\n<p>Se il committente non prende in consegna la merce entro il termine concordato, il venditore \u00e8 autorizzato a fatturare i costi sostenuti o la merce non consegnata. I futuri costi di stoccaggio e di capitale possono essere fatturati separatamente.<strong><\/strong><\/p>\n\n\n\n<h2 class=\"wp-block-heading\">6. trasferimento del rischio<\/h2>\n\n\n\n<p>Il trasferimento del rischio avviene generalmente al momento della consegna nel luogo di destinazione concordato.<\/p>\n\n\n\n<p>Presso il commerciante xoxo, il trasferimento del rischio avviene nel momento in cui la spedizione viene consegnata alla societ\u00e0 che effettua il trasporto (societ\u00e0 di trasporto).<\/p>\n\n\n\n<p>Se la spedizione \u00e8 ritardata o diventa impossibile senza colpa di xoxo-design AG, il rischio passa al cliente al momento della notifica della disponibilit\u00e0 alla spedizione.<\/p>\n\n\n\n<h2 class=\"wp-block-heading\">7 Garanzia<\/h2>\n\n\n\n<p>Xoxo-design AG garantisce che il prodotto ordinato \u00e8 privo di difetti e funzionante per 2 anni dalla consegna, a meno che non sia stato espressamente concordato diversamente per iscritto.<\/p>\n\n\n\n<p>Se non vengono seguite le istruzioni per l'uso o la manutenzione, o se vengono sostituite parti che non corrispondono alle specifiche del prodotto o alle specifiche originali, la garanzia decade se il difetto \u00e8 riconducibile a questo. Ci\u00f2 vale anche nel caso in cui il difetto sia dovuto a un uso, a un immagazzinamento e a una manipolazione non corretti dei prodotti xoxo, o all'intervento di terzi o all'apertura dei prodotti xoxo.<\/p>\n\n\n\n<p>Deviazioni insignificanti dalle caratteristiche garantite della merce non fanno scattare alcun diritto di garanzia. \u00c8 esclusa la responsabilit\u00e0 per la normale usura, nonch\u00e9 per gli accessori e\/o le batterie allegate o installate.<\/p>\n\n\n\n<p>In caso di reclamo in garanzia o di garanzia, il cliente ha diritto alla rettifica, alla sostituzione o alla ridiffusione. La scelta del tipo di rimedio spetta a xoxo-design AG. Se xoxo-design AG decide di recedere dal contratto, verr\u00e0 emessa una nota di credito fino all'importo massimo corrispondente al prezzo giornaliero al momento dell'ordine.<\/p>\n\n\n\n<p>Le parti soggette a usura come batterie, cavi USB, pulsanti (in basso) o LED integrati (striscia LED COB) sono escluse dalla garanzia. Per tutti gli altri aspetti, valgono le esclusioni di responsabilit\u00e0 di cui alla sezione 8.<\/p>\n\n\n\n<p>La sostituzione di parti, gruppi o unit\u00e0 intere non comporta nuovi periodi di garanzia.<\/p>\n\n\n\n<p>Solo il cliente diretto ha diritto a diritti di garanzia nei confronti di xoxo-design AG e questi non sono cedibili.<\/p>\n\n\n\n<p>La garanzia legale \u00e8 esclusa in toto.<\/p>\n\n\n\n<h2 class=\"wp-block-heading\"><strong>8. restituzione e sostituzione<\/strong><\/h2>\n\n\n\n<p>Una volta effettuato un ordine tramite il nostro sito web, \u00e8 possibile annullare o modificare l'ordine inviandoci un'e-mail (<a href=\"mailto:info@xoxo-design.ch\">info@xoxo-design.ch<\/a>) inviare.<\/p>\n\n\n\n<p>Una volta confezionato, l'ordine non pu\u00f2 pi\u00f9 essere annullato o modificato, ma deve essere restituito al momento della ricezione. Pertanto, se la merce ordinata \u00e8 gi\u00e0 in fase di spedizione, l'annullamento non \u00e8 possibile. Vi preghiamo di attendere di aver ricevuto la merce e di rispedircela. A tal fine, selezionare l'indirizzo di posta elettronica sulla nostra pagina <a href=\"mailto:info@xoxo-design.ch\">info@xoxo-design.ch<\/a> In tal caso, dopo aver spiegato\/giustificato la restituzione, vi verr\u00e0 inviata un'etichetta di restituzione via e-mail.<\/p>\n\n\n\n<p>Si prega di notare che lavoriamo con un sistema EDP completamente automatizzato, gli ordini vengono elaborati nel nostro sistema immediatamente dopo la ricezione. Siamo pertanto spiacenti di non poter interrompere il processo di spedizione fino alla consegna.<\/p>\n\n\n\n<p>I resi di merce sono esclusivamente registrati (<a href=\"mailto:info@xoxo-design.ch\">info@xoxo-design.ch<\/a>) e solo nella confezione originale intatta e in condizioni assolutamente non danneggiate. Il termine di restituzione degli ordini \u00e8 sempre di 10 giorni dalla data di spedizione. Al reso deve essere allegata una copia della bolla di consegna o della fattura, in modo da poter verificare la procedura di elaborazione. La data del timbro postale \u00e8 determinante per la restituzione.<\/p>\n\n\n\n<h3 class=\"wp-block-heading\">Politica di restituzione<\/h3>\n\n\n\n<p>Purtroppo non possiamo offrire restituzioni nei seguenti casi:<\/p>\n\n\n\n<p>- Per gli articoli danneggiati<\/p>\n\n\n\n<p>- Se la confezione originale non \u00e8 presente<\/p>\n\n\n\n<p>- se mancano gli accessori (cavo USB e stazione di ricarica della base)<\/p>\n\n\n\n<p>Il cliente ricever\u00e0 il rimborso del prezzo di acquisto se si verifica la seguente condizione:<\/p>\n\n\n\n<p>- L'articolo \u00e8 nella confezione originale non aperta e non danneggiata.<\/p>\n\n\n\n<p>Xoxo-design AG si riserva il diritto di addebitare il 10% del valore della merce o almeno CHF 15.00 per i controlli e l'elaborazione amministrativa. I prodotti xoxo danneggiati o usati non verranno ripresi. I prodotti che ci vengono comunque restituiti non saranno restituiti e saranno smaltiti da noi. Le spese di spedizione fatturate non saranno accreditate.<\/p>\n\n\n\n<p>Una deduzione (minimo 10% o deduzione minima CHR 15.-) del rimborso ha luogo se:<\/p>\n\n\n\n<p>- L'articolo \u00e8 stato aperto o usato<\/p>\n\n\n\n<p>- L'imballaggio \u00e8 danneggiato<\/p>\n\n\n\n<p>Il cliente \u00e8 in ogni caso responsabile dell'imballaggio della merce da restituire in modo adeguato al trasporto. Il danneggiamento\/perdita della merce a causa di un imballaggio inadeguato sar\u00e0 addebitato al cliente. Il trasferimento del rischio a xoxo-design AG avviene solo quando la merce arriva al partner logistico di xoxo-design AG (Oeschger Verpackungsservice AG, Schwimmbadstrasse 43, CH-5430 Wettingen).<\/p>\n\n\n\n<h3 class=\"wp-block-heading\">Costi di ritorno<\/h3>\n\n\n\n<p>Le spese di spedizione per la restituzione degli articoli xoxo sono generalmente a carico del mittente. Nei casi seguenti, le spese di restituzione sono a carico di xoxo-design AG:<\/p>\n\n\n\n<p>- Al ricevimento di un articolo diverso da quello ordinato<\/p>\n\n\n\n<p>- Al ricevimento di un articolo non ordinato<\/p>\n\n\n\n<p>- Al ricevimento di un prodotto incompleto<\/p>\n\n\n\n<p>I controlli su rimborsi e resi sono organizzati indipendentemente dal processo di spedizione EDP e possono richiedere un massimo di 7 giorni lavorativi per essere completamente risolti.<\/p>\n\n\n\n<h2 class=\"wp-block-heading\">9. pagamento con carta di credito&nbsp;&nbsp; <img decoding=\"async\" loading=\"lazy\" width=\"85\" height=\"20\" src=\"\"><\/h2>\n\n\n\n<p>Le modalit\u00e0 di pagamento disponibili sono pubblicate nel negozio online alla voce \"Opzioni di pagamento\". Xoxo-design AG si riserva il diritto di effettuare un controllo del credito se necessario.<\/p>\n\n\n\n<p>In caso di pagamento con carta di credito (Visa, Mastercard, Maestro) o tramite il servizio online TWINT &nbsp;<img decoding=\"async\" loading=\"lazy\" width=\"31\" height=\"11\" src=\"\">&nbsp;l'addebito viene effettuato al momento dell'ordine.<\/p>\n\n\n\n<p>Un pagamento si considera effettuato solo quando xoxo-design AG pu\u00f2 disporre dell'importo.<\/p>\n\n\n\n<p>La vostra sicurezza contro le frodi e i furti di identit\u00e0 \u00e8 per noi di estrema importanza.<\/p>\n\n\n\n<p>Tutte le transazioni online pagate con carta di credito vengono elaborate tramite i server sicuri di ShopfyPay (ex Protx), in modo che non dobbiate preoccuparvi. Non siamo mai in possesso dei dati della carta di credito richiesti dall'utente.<\/p>\n\n\n\n<h3 class=\"wp-block-heading\">9.1 Acquisto in conto\/condizioni di pagamento xoxo clienti business<\/h3>\n\n\n\n<p>In caso di acquisto in conto vendita, il cliente \u00e8 tenuto a pagare l'importo della fattura entro 15 giorni di calendario dal ricevimento della consegna senza alcuna detrazione (sconto). <strong><\/strong><\/p>\n\n\n\n<p>Se il pagamento non viene effettuato entro il suddetto termine, il cliente \u00e8 in mora, per cui xoxo-design AG ha il diritto di addebitare gli interessi al tasso di 5 % a partire dalla data in questione. Durante il periodo di mora, xoxo-design AG ha inoltre il diritto di recedere in qualsiasi momento dal contratto, di richiedere la restituzione della merce consegnata e di chiedere un risarcimento per la perdita del contratto. Tutti i crediti diventano immediatamente esigibili se il cliente \u00e8 inadempiente nei pagamenti, non rispetta colpevolmente altri obblighi materiali derivanti dal contratto o se xoxo-design AG viene a conoscenza di circostanze che possono ridurre la solvibilit\u00e0 del cliente, in particolare la sospensione dei pagamenti, la pendenza di procedure di concordato o di fallimento. In questi casi, xoxo-design AG ha il diritto di trattenere le consegne in sospeso o di eseguirle solo dietro pagamento anticipato o garanzie.<\/p>\n\n\n\n<h2 class=\"wp-block-heading\">10. spese di sollecito e di incasso (clienti commerciali xoxo)<\/h2>\n\n\n\n<p>Se il cliente non rispetta i suoi obblighi di pagamento in tutto o in parte, tutti gli importi in sospeso dovuti dal cliente a xoxo-design AG a qualsiasi titolo diventano immediatamente esigibili (in caso di pagamento anticipato entro 8 giorni di calendario dal primo sollecito) e xoxo-design AG pu\u00f2 reclamarli immediatamente e interrompere ulteriori forniture di prodotti al cliente.<strong><\/strong><\/p>\n\n\n\n<p>Se il cliente \u00e8 in ritardo con il pagamento, xoxo-design AG gli invier\u00e0 un sollecito via e-mail, per iscritto o per telefono. Xoxo-design AG si riserva il diritto di addebitare spese di sollecito per i solleciti effettuati. In caso di solleciti non andati a buon fine, xoxo-design AG pu\u00f2 cedere il credito a una societ\u00e0 terza incaricata della riscossione. La societ\u00e0 incaricata della riscossione rivendicher\u00e0 gli importi insoluti a proprio nome e per proprio conto e potr\u00e0 addebitare ulteriori spese di elaborazione.<\/p>\n\n\n\n<h2 class=\"wp-block-heading\">11. modifica dell'ordine o cancellazione<\/h2>\n\n\n\n<p>Gli ordini obbligano il cliente ad accettare i prodotti e i servizi. Modifiche o cancellazioni successive degli ordini da parte del cliente possono essere accettate da xoxo-design AG a propria discrezione e xoxo-design AG pu\u00f2 addebitare una tassa di gestione pari a 20% del valore dell'ordine cancellato, ma almeno CHF 60, cos\u00ec come qualsiasi perdita di valore dei prodotti cancellati dal loro ordine.<\/p>\n\n\n\n<p>Se dopo l'ordine o la stipula del contratto si verifica un'impossibilit\u00e0 (parziale) di consegna (condizione risolutiva), il cliente verr\u00e0 immediatamente informato via e-mail. Se il cliente ha gi\u00e0 pagato, tale importo sar\u00e0 rimborsato. Se il pagamento non \u00e8 ancora stato effettuato, il cliente \u00e8 esonerato dall'obbligo di pagamento. Sono esclusi ulteriori reclami dovuti a ritardi nella consegna o a mancate consegne.<\/p>\n\n\n\n<h2 class=\"wp-block-heading\">12 Limitazione di responsabilit\u00e0<\/h2>\n\n\n\n<p>Le richieste di risarcimento danni derivanti da impossibilit\u00e0 della prestazione, violazione del contratto, culpa in contrahendo e illecito sono escluse sia nei confronti di xoxo-design AG, dei suoi partner commerciali, sia nei confronti dei partner logistici e delle persone ausiliarie, tranne in caso di dolo o colpa grave. Non si assume alcuna responsabilit\u00e0 per danni conseguenti derivanti dall'uso dei prodotti.<\/p>\n\n\n\n<h2 class=\"wp-block-heading\">13. protezione dei dati<\/h2>\n\n\n\n<p>Nell'elaborazione dei dati dei clienti, Xoxo-design AG si impegna a rispettare le norme sulla protezione dei dati vigenti in Svizzera e nel Principato del Liechtenstein. La nostra prassi di protezione dei dati si basa sulle disposizioni di legge, in particolare sul Regolamento generale sulla protezione dei dati (DSGVO).<\/p>\n\n\n\n<h2 class=\"wp-block-heading\">14 Giurisdizione<\/h2>\n\n\n\n<p>Zugo sar\u00e0 il foro competente esclusivo per tutte le controversie derivanti direttamente o indirettamente dal rapporto contrattuale. Il rapporto giuridico \u00e8 soggetto alla legge svizzera.<\/p>\n\n\n\n<h2 class=\"wp-block-heading\">15. disposizioni finali<\/h2>\n\n\n\n<p>Xoxo-design AG si riserva il diritto di modificare le condizioni generali in qualsiasi momento.<\/p>\n\n\n\n<p>L'eventuale invalidit\u00e0 di una disposizione delle presenti Condizioni Generali non pregiudica la validit\u00e0 delle restanti disposizioni o delle Condizioni Generali nel loro complesso. Al posto della disposizione non valida si applicheranno le relative disposizioni di legge.<\/p>\n\n\n\n<p>Zug\/Oberwil, aprile 2023<\/p>","protected":false},"excerpt":{"rendered":"<p>Condizioni generali 1. Validit\u00e0 delle condizioni Le consegne, i servizi e le offerte del negozio online di xoxo-design AG (CHE-186.918.990 IVA), 6317 Oberwil\/Zug, avvengono esclusivamente sulla base delle presenti condizioni generali. Le presenti condizioni generali si intendono accettate al momento dell'ordine della merce. Eventuali deroghe alle condizioni generali sono efficaci solo se confermate per iscritto da xoxo-design AG. Xoxo-design AG si riserva il diritto di [...]<\/p>","protected":false},"author":1,"featured_media":0,"parent":0,"menu_order":0,"comment_status":"closed","ping_status":"closed","template":"","meta":[],"acf":[],"_links":{"self":[{"href":"https:\/\/www.xoxo-design.ch\/it\/wp-json\/wp\/v2\/pages\/65"}],"collection":[{"href":"https:\/\/www.xoxo-design.ch\/it\/wp-json\/wp\/v2\/pages"}],"about":[{"href":"https:\/\/www.xoxo-design.ch\/it\/wp-json\/wp\/v2\/types\/page"}],"author":[{"embeddable":true,"href":"https:\/\/www.xoxo-design.ch\/it\/wp-json\/wp\/v2\/users\/1"}],"replies":[{"embeddable":true,"href":"https:\/\/www.xoxo-design.ch\/it\/wp-json\/wp\/v2\/comments?post=65"}],"version-history":[{"count":8,"href":"https:\/\/www.xoxo-design.ch\/it\/wp-json\/wp\/v2\/pages\/65\/revisions"}],"predecessor-version":[{"id":1116,"href":"https:\/\/www.xoxo-design.ch\/it\/wp-json\/wp\/v2\/pages\/65\/revisions\/1116"}],"wp:attachment":[{"href":"https:\/\/www.xoxo-design.ch\/it\/wp-json\/wp\/v2\/media?parent=65"}],"curies":[{"name":"wp","href":"https:\/\/api.w.org\/{rel}","templated":true}]}}