{"id":74,"date":"2023-03-10T07:59:34","date_gmt":"2023-03-10T06:59:34","guid":{"rendered":"https:\/\/xoxo-design.dev.hayloft-it.ch\/?page_id=74"},"modified":"2023-06-27T14:41:42","modified_gmt":"2023-06-27T12:41:42","slug":"unternehmen","status":"publish","type":"page","link":"https:\/\/www.xoxo-design.ch\/it\/azienda\/","title":{"rendered":"Azienda"},"content":{"rendered":"<figure data-no-zoom=\"true\" class=\"wp-block-image size-full\"><img decoding=\"async\" src=\"https:\/\/www.xoxo-design.ch\/wp-content\/uploads\/2023\/06\/we-are-xoxo-1.svg\" alt=\"\" class=\"wp-image-716\"\/><\/figure>\n\n\n\n<h2 class=\"wp-block-heading has-normal-font-size\">\"Baci e abbracci <\/h2>\n\n\n\n<p>30 anni di esperienza con la luce e l'illuminazione sono diventati XOXO-Design AG nel 2022. XOXO e il suo significato di \"baci e abbracci\" riassumono perfettamente la passione della nostra azienda con due parole emozionanti. <\/p>\n\n\n\n<p>Il nostro obiettivo \u00e8 sviluppare lampade a batteria esclusive e altamente funzionali per i nostri clienti. Design e tecnologia si fondono perfettamente l'uno nell'altro. I materiali e i concetti di colore sono stati selezionati con cura e si integrano perfettamente in ogni interno e in ogni concetto di stanza. Forse anche voi vi innamorerete delle vostre luci XOXO.<\/p>\n\n\n\n<figure data-no-zoom=\"true\" class=\"wp-block-image alignwide size-large\"><img decoding=\"async\" loading=\"lazy\" width=\"1024\" height=\"862\" src=\"https:\/\/www.xoxo-design.ch\/wp-content\/uploads\/2023\/04\/image-2-1024x862.png\" alt=\"\" class=\"wp-image-562\" srcset=\"https:\/\/www.xoxo-design.ch\/wp-content\/uploads\/2023\/04\/image-2-1024x862.png 1024w, https:\/\/www.xoxo-design.ch\/wp-content\/uploads\/2023\/04\/image-2-300x252.png 300w, https:\/\/www.xoxo-design.ch\/wp-content\/uploads\/2023\/04\/image-2-768x646.png 768w, https:\/\/www.xoxo-design.ch\/wp-content\/uploads\/2023\/04\/image-2-1536x1292.png 1536w, https:\/\/www.xoxo-design.ch\/wp-content\/uploads\/2023\/04\/image-2-2048x1723.png 2048w, https:\/\/www.xoxo-design.ch\/wp-content\/uploads\/2023\/04\/image-2-600x505.png 600w\" sizes=\"(max-width: 1024px) 100vw, 1024px\" \/><\/figure>\n\n\n\n<h2 class=\"wp-block-heading has-normal-font-size\">La luce \u00e8 versatile come la vita stessa. <\/h2>\n\n\n\n<p>La luce \u00e8 vita, la luce \u00e8 emozione, la luce crea calore e la luce crea atmosfera. La luce \u00e8 versatile come noi esseri umani. Porta luce nell'oscurit\u00e0 e crea speranza. \u00c8 l'energia e il fattore che rende possibile noi esseri umani e tutto ci\u00f2 che ci circonda. \u00c8 proprio per questo motivo che ne siamo entusiasti e che diamo <span class=\"brand\"><span class=\"name\">xoxo<\/span><span class=\"plus\">+<\/span><\/span> tutto per creare le soluzioni pi\u00f9 innovative per la luce portatile. Siamo affascinati dalle possibilit\u00e0 offerte dalla luce - \"viviamo la luce\".<\/p>\n\n\n\n<h2 class=\"wp-block-heading has-normal-font-size\">Il <span class=\"brand\"><span class=\"name\">xoxo<\/span><span class=\"plus\">+<\/span><\/span> Lampade da tavolo <\/h2>\n\n\n\n<p>Sappiamo tutti che una stanza luminosa senza ombre appare monotona e scomoda. Diventa pi\u00f9 interessante e molto pi\u00f9 accogliente quando si creano isole di luce e zone poco illuminate, che \u00e8 esattamente ci\u00f2 per cui le nostre lampade da tavolo xoxo sono pi\u00f9 adatte, consentendovi di giocare e progettare meravigliosamente, sia all'esterno che all'interno, sul comodino, sul tavolino o sul com\u00f2. <\/p>\n\n\n\n<p>Le dimensioni ridotte e maneggevoli e la forma \"piuttosto fluida\" delle lampade da tavolo xoxo creano isole di luce dove \u00e8 necessaria la luminosit\u00e0 o l'atmosfera, per leggere, cucinare, grigliare, lavorare, \"cambiare il bambino\", cucire; praticamente senza limiti di portabilit\u00e0 e senza disturbare i cavi di alimentazione. <\/p>\n\n\n\n<p>I nuovi sviluppi tecnici consentono soluzioni altamente efficienti ed economicamente vantaggiose. Questi fatti stanno rivoluzionando sempre pi\u00f9 la tecnologia delle lampade da tavolo, che abbiamo sfruttato nello sviluppo delle lampade da tavolo xoxo. <\/p>\n\n\n\n<p>Ne sono nate le nostre lampade da tavolo xoxo, esteticamente creative, che tradizionalmente emettono sempre la luce dall'alto verso il basso, in modo da non creare mai fastidiosi bagliori, proprio come richiede la lunga tradizione delle lampade da tavolo. <\/p>\n\n\n\n<p>I nostri prodotti si inseriscono sempre e ovunque in ogni realt\u00e0 della vita, arricchiscono ogni epoca dell'arredamento grazie alla loro forma o alla scelta del colore e creano affascinanti evoluzioni luminose con il loro linguaggio di design semplice e fluido in ogni applicazione ricercata - quasi come un compagno costante della vostra isola di luce personale.<\/p>\n\n\n\n<figure data-no-zoom=\"true\" class=\"wp-block-image alignwide size-large\"><img decoding=\"async\" loading=\"lazy\" width=\"1024\" height=\"916\" src=\"https:\/\/www.xoxo-design.ch\/wp-content\/uploads\/2023\/04\/image-1024x916.png\" alt=\"\" class=\"wp-image-563\" srcset=\"https:\/\/www.xoxo-design.ch\/wp-content\/uploads\/2023\/04\/image-1024x916.png 1024w, https:\/\/www.xoxo-design.ch\/wp-content\/uploads\/2023\/04\/image-300x268.png 300w, https:\/\/www.xoxo-design.ch\/wp-content\/uploads\/2023\/04\/image-768x687.png 768w, https:\/\/www.xoxo-design.ch\/wp-content\/uploads\/2023\/04\/image-1536x1375.png 1536w, https:\/\/www.xoxo-design.ch\/wp-content\/uploads\/2023\/04\/image-2048x1833.png 2048w, https:\/\/www.xoxo-design.ch\/wp-content\/uploads\/2023\/04\/image-600x537.png 600w\" sizes=\"(max-width: 1024px) 100vw, 1024px\" \/><\/figure>\n\n\n\n<h2 class=\"wp-block-heading has-normal-font-size\">Luce e flessibilit\u00e0 <\/h2>\n\n\n\n<p>Staccate dal guinzaglio elettrico, le nostre lampade da tavolo xoxo rivoluzionano la nuova generazione di luce e si adattano allo stile di vita \"nomade\" dell'uomo. Ne sono la caratteristica i criteri: senza fili - portatile - ricaricabile - mobile - flessibile. <\/p>\n\n\n\n<p>Come \u00e8 onnipresente nell'uomo, la flessibilit\u00e0 si manifesta anche nelle \"nuove\" lampade da tavolo xoxo, che non sono n\u00e9 su un tavolo fisso n\u00e9 dipendenti da una presa di corrente, perch\u00e9 \u00e8 nostra esigenza che la luce si muova con noi, si connetta con noi e fornisca luce ovunque ne abbiamo bisogno al momento, per essere usata per cos\u00ec dire \"nomadicamente\".<\/p>\n\n\n\n<figure data-no-zoom=\"true\" class=\"wp-block-image size-full\"><img decoding=\"async\" src=\"https:\/\/www.xoxo-design.ch\/wp-content\/uploads\/2023\/06\/xoxo-loves-you.svg\" alt=\"\" class=\"wp-image-723\"\/><\/figure>\n\n\n\n<div style=\"height:100px\" aria-hidden=\"true\" class=\"wp-block-spacer\"><\/div>","protected":false},"excerpt":{"rendered":"<p>\"Baci &amp; Abbracci\" Da 30 anni di esperienza con la luce e l'illuminazione, XOXO-Design AG \u00e8 stata fondata nel 2022. XOXO e il suo significato di \"baci &amp; abbracci\" riassumono perfettamente la passione della nostra azienda con due parole emozionali. Il nostro obiettivo \u00e8 sviluppare luci ricaricabili esclusive e altamente funzionali per i nostri clienti. Design e tecnologia si fondono [...]<\/p>","protected":false},"author":1,"featured_media":0,"parent":0,"menu_order":0,"comment_status":"closed","ping_status":"closed","template":"","meta":[],"acf":[],"_links":{"self":[{"href":"https:\/\/www.xoxo-design.ch\/it\/wp-json\/wp\/v2\/pages\/74"}],"collection":[{"href":"https:\/\/www.xoxo-design.ch\/it\/wp-json\/wp\/v2\/pages"}],"about":[{"href":"https:\/\/www.xoxo-design.ch\/it\/wp-json\/wp\/v2\/types\/page"}],"author":[{"embeddable":true,"href":"https:\/\/www.xoxo-design.ch\/it\/wp-json\/wp\/v2\/users\/1"}],"replies":[{"embeddable":true,"href":"https:\/\/www.xoxo-design.ch\/it\/wp-json\/wp\/v2\/comments?post=74"}],"version-history":[{"count":10,"href":"https:\/\/www.xoxo-design.ch\/it\/wp-json\/wp\/v2\/pages\/74\/revisions"}],"predecessor-version":[{"id":725,"href":"https:\/\/www.xoxo-design.ch\/it\/wp-json\/wp\/v2\/pages\/74\/revisions\/725"}],"wp:attachment":[{"href":"https:\/\/www.xoxo-design.ch\/it\/wp-json\/wp\/v2\/media?parent=74"}],"curies":[{"name":"wp","href":"https:\/\/api.w.org\/{rel}","templated":true}]}}