{"id":76,"date":"2023-03-10T08:00:22","date_gmt":"2023-03-10T07:00:22","guid":{"rendered":"https:\/\/xoxo-design.dev.hayloft-it.ch\/?page_id=76"},"modified":"2023-06-27T14:44:31","modified_gmt":"2023-06-27T12:44:31","slug":"service-hilfe","status":"publish","type":"page","link":"https:\/\/www.xoxo-design.ch\/it\/servizio-di-assistenza\/","title":{"rendered":"Servizio e assistenza"},"content":{"rendered":"<h1 class=\"wp-block-heading\">Turbo Boost!<\/h1>\n\n\n\n<p>Sappiamo che solo un cliente soddisfatto \u00e8 un cliente felice. Ecco perch\u00e9 la vostra soddisfazione \u00e8 il nostro turbo! Ci impegniamo per assicurarci che siate soddisfatti del nostro servizio. Qui potete trovare le nostre FAQ, informazioni sui resi, contattaci e lascia un feedback.<\/p>\n\n\n<div class=\"alignwide wp-block-xoxo-design-teasers\">\n            <a href=\"https:\/\/www.xoxo-design.ch\/it\/faq\/\" target=\"\" class=\"teaser\">\n    <i class=\"icon icon-help-circle\"><\/i>\n    <div class=\"data-wrapper\">\n                    <h3 class=\"title\">FAQ<\/h3>\n                            <p class=\"excerpt\">Qui potete trovare le nostre FAQ<\/p>\n                            <footer>\n                <span class=\"wp-element-button wp-block-button__link has-background has-base-background-color\">\n                    Alle FAQ                <\/span>\n            <\/footer>\n            <\/div>\n<\/a>\n            <a href=\"https:\/\/www.xoxo-design.ch\/it\/servizio-di-assistenza\/contatto\/\" target=\"\" class=\"teaser\">\n    <i class=\"icon icon-send\"><\/i>\n    <div class=\"data-wrapper\">\n                    <h3 class=\"title\">Contatto<\/h3>\n                            <p class=\"excerpt\">Scrivici<\/p>\n                            <footer>\n                <span class=\"wp-element-button wp-block-button__link has-background has-base-background-color\">\n                    Al modulo di contatto                <\/span>\n            <\/footer>\n            <\/div>\n<\/a>\n            <a href=\"https:\/\/www.xoxo-design.ch\/it\/servizio-di-assistenza\/feedback\/\" target=\"\" class=\"teaser\">\n    <i class=\"icon icon-message-square\"><\/i>\n    <div class=\"data-wrapper\">\n                    <h3 class=\"title\">Feedback<\/h3>\n                            <p class=\"excerpt\">Fateci sapere cosa ne pensate<\/p>\n                            <footer>\n                <span class=\"wp-element-button wp-block-button__link has-background has-base-background-color\">\n                    Dare un feedback                <\/span>\n            <\/footer>\n            <\/div>\n<\/a>\n    <\/div>\n\n\n<div class=\"alignwide wp-block-xoxo-design-usps\">\n            <article class=\"teaser post-446 usp type-usp status-publish hentry\">\n    <h3 class=\"title\">\n        <i class=\"icon icon-truck\"><\/i>\n        Spedizione gratuita    <\/h3>\n    <div class=\"excerpt\"><p>\u200e<\/p>\n<\/div>\n<\/article>            <article class=\"teaser post-449 usp type-usp status-publish hentry\">\n    <h3 class=\"title\">\n        <i class=\"icon icon-corner-down-left\"><\/i>\n        Spedizione di ritorno gratuita    <\/h3>\n    <div class=\"excerpt\"><p>\u200e<\/p>\n<\/div>\n<\/article>            <article class=\"teaser post-452 usp type-usp status-publish hentry\">\n    <h3 class=\"title\">\n        <i class=\"icon icon-lock\"><\/i>\n        10 giorni di diritto di recesso    <\/h3>\n    <div class=\"excerpt\"><p>acquisti sicuri e convenienti<\/p>\n<\/div>\n<\/article>            <article class=\"teaser post-455 usp type-usp status-publish hentry\">\n    <h3 class=\"title\">\n        <i class=\"icon icon-award\"><\/i>\n        Parte interessata commerciale (gastro ecc.)    <\/h3>\n    <div class=\"excerpt\"><p>Consulenza gratuita, i nostri esperti saranno lieti di aiutarvi<\/p>\n<\/div>\n<\/article>    <\/div>","protected":false},"excerpt":{"rendered":"<p>Turbo Boost! Sappiamo che solo un cliente soddisfatto \u00e8 un cliente felice. Ecco perch\u00e9 la vostra soddisfazione \u00e8 il nostro turbo boost! Ci impegniamo per assicurarci che siate soddisfatti del nostro servizio. Qui potete trovare le nostre FAQ, informazioni sui resi, potete contattarci e lasciarci un feedback.<\/p>","protected":false},"author":1,"featured_media":0,"parent":0,"menu_order":0,"comment_status":"closed","ping_status":"closed","template":"","meta":[],"acf":[],"_links":{"self":[{"href":"https:\/\/www.xoxo-design.ch\/it\/wp-json\/wp\/v2\/pages\/76"}],"collection":[{"href":"https:\/\/www.xoxo-design.ch\/it\/wp-json\/wp\/v2\/pages"}],"about":[{"href":"https:\/\/www.xoxo-design.ch\/it\/wp-json\/wp\/v2\/types\/page"}],"author":[{"embeddable":true,"href":"https:\/\/www.xoxo-design.ch\/it\/wp-json\/wp\/v2\/users\/1"}],"replies":[{"embeddable":true,"href":"https:\/\/www.xoxo-design.ch\/it\/wp-json\/wp\/v2\/comments?post=76"}],"version-history":[{"count":23,"href":"https:\/\/www.xoxo-design.ch\/it\/wp-json\/wp\/v2\/pages\/76\/revisions"}],"predecessor-version":[{"id":727,"href":"https:\/\/www.xoxo-design.ch\/it\/wp-json\/wp\/v2\/pages\/76\/revisions\/727"}],"wp:attachment":[{"href":"https:\/\/www.xoxo-design.ch\/it\/wp-json\/wp\/v2\/media?parent=76"}],"curies":[{"name":"wp","href":"https:\/\/api.w.org\/{rel}","templated":true}]}}